{"id":19433,"date":"2020-10-05T11:07:21","date_gmt":"2020-10-05T08:07:21","guid":{"rendered":"https:\/\/www.radiomarket.fi\/tuote\/ekua0548-bicon-matkaradio\/"},"modified":"2023-08-15T17:46:12","modified_gmt":"2023-08-15T14:46:12","slug":"ekua0548-bicon-matkaradio","status":"publish","type":"product","link":"https:\/\/www.radiomarket.fi\/en\/kohde\/ekua0548-bicon-matkaradio\/","title":{"rendered":"EKUA0548 Bicon moniaaltoradio"},"content":{"rendered":"<p>Harmaa moniaaltoradio. Ulkoisesti t\u00e4ydellinen kunto. Toimii, ULA-asemat soi lyhyess\u00e4 testiss\u00e4 asiallisesti ja naruviritys ok. Volumepotikka voi vaatia voitelua, mutta potikasta l\u00f6ytyy viel\u00e4 kuuluvia kohtia. Enimm\u00e4kseen rutisee. CB-bandin kohina kuulostaa oikealta ja kohinasalpa reagoi.<\/p><p>Vastaava kuin esim. merkeill\u00e4 Aston tai Wortronic.<\/p>","protected":false},"excerpt":{"rendered":"<p>Harmaa moniaaltoradio. Ulkoisesti t\u00e4ydellinen kunto. Toimii, ULA-asemat soi lyhyess\u00e4 testiss\u00e4 asiallisesti ja naruviritys ok. Volumepotikka voi vaatia voitelua, mutta potikasta l\u00f6ytyy viel\u00e4 kuuluvia kohtia. Enimm\u00e4kseen rutisee. CB-bandin kohina kuulostaa oikealta ja kohinasalpa reagoi.Vastaava kuin esim. merkeill\u00e4 Aston tai Wortronic.<\/p>","protected":false},"featured_media":25424,"template":"","meta":[],"_links":{"self":[{"href":"https:\/\/www.radiomarket.fi\/en\/wp-json\/wp\/v2\/product\/19433"}],"collection":[{"href":"https:\/\/www.radiomarket.fi\/en\/wp-json\/wp\/v2\/product"}],"about":[{"href":"https:\/\/www.radiomarket.fi\/en\/wp-json\/wp\/v2\/types\/product"}],"wp:featuredmedia":[{"embeddable":true,"href":"https:\/\/www.radiomarket.fi\/en\/wp-json\/wp\/v2\/media\/25424"}],"wp:attachment":[{"href":"https:\/\/www.radiomarket.fi\/en\/wp-json\/wp\/v2\/media?parent=19433"}],"curies":[{"name":"wp","href":"https:\/\/api.w.org\/{rel}","templated":true}]}}