{"id":19435,"date":"2025-07-01T13:07:22","date_gmt":"2025-07-01T10:07:22","guid":{"rendered":"https:\/\/www.radiomarket.fi\/tuote\/ekua0546-saloraakai-kaukosaadin\/"},"modified":"2025-07-01T13:26:53","modified_gmt":"2025-07-01T10:26:53","slug":"ekua0546-saloraakai-kaukosaadin","status":"publish","type":"product","link":"https:\/\/www.radiomarket.fi\/en\/kohde\/ekua0546-saloraakai-kaukosaadin\/","title":{"rendered":"EKUA0546 Salora kaukos\u00e4\u00e4din (EKUM)"},"content":{"rendered":"<p>Testattu 7\/2025, ei l\u00e4het\u00e4. Ruuvi puuttuu. L\u00e4hetysosassa mahdollisesti suojana ollut muovi puuttuu.<br \/><br \/>Kirjetoimitus.<\/p>","protected":false},"excerpt":{"rendered":"<p>Testattu 7\/2025, ei l\u00e4het\u00e4. Ruuvi puuttuu. L\u00e4hetysosassa mahdollisesti suojana ollut muovi puuttuu.Kirjetoimitus.<\/p>","protected":false},"featured_media":52389,"template":"","meta":[],"_links":{"self":[{"href":"https:\/\/www.radiomarket.fi\/en\/wp-json\/wp\/v2\/product\/19435"}],"collection":[{"href":"https:\/\/www.radiomarket.fi\/en\/wp-json\/wp\/v2\/product"}],"about":[{"href":"https:\/\/www.radiomarket.fi\/en\/wp-json\/wp\/v2\/types\/product"}],"wp:featuredmedia":[{"embeddable":true,"href":"https:\/\/www.radiomarket.fi\/en\/wp-json\/wp\/v2\/media\/52389"}],"wp:attachment":[{"href":"https:\/\/www.radiomarket.fi\/en\/wp-json\/wp\/v2\/media?parent=19435"}],"curies":[{"name":"wp","href":"https:\/\/api.w.org\/{rel}","templated":true}]}}