{"id":19437,"date":"2020-10-05T11:07:22","date_gmt":"2020-10-05T08:07:22","guid":{"rendered":"https:\/\/www.radiomarket.fi\/tuote\/ekua0540-dux-dx-8522-00\/"},"modified":"2020-10-05T11:07:22","modified_gmt":"2020-10-05T08:07:22","slug":"ekua0540-dux-dx-8522-00","status":"publish","type":"product","link":"https:\/\/www.radiomarket.fi\/en\/kohde\/ekua0540-dux-dx-8522-00\/","title":{"rendered":"EKUA0540 Dux DX 8522\/00 (?)"},"content":{"rendered":"Paristokotelon kansi puuttuu. Myyd\u00e4\u00e4n kokonaisena tai osina.","protected":false},"excerpt":{"rendered":"<p>Paristokotelon kansi puuttuu. Myyd\u00e4\u00e4n kokonaisena tai osina.<\/p>","protected":false},"featured_media":0,"template":"","meta":[],"_links":{"self":[{"href":"https:\/\/www.radiomarket.fi\/en\/wp-json\/wp\/v2\/product\/19437"}],"collection":[{"href":"https:\/\/www.radiomarket.fi\/en\/wp-json\/wp\/v2\/product"}],"about":[{"href":"https:\/\/www.radiomarket.fi\/en\/wp-json\/wp\/v2\/types\/product"}],"wp:attachment":[{"href":"https:\/\/www.radiomarket.fi\/en\/wp-json\/wp\/v2\/media?parent=19437"}],"curies":[{"name":"wp","href":"https:\/\/api.w.org\/{rel}","templated":true}]}}