{"id":19438,"date":"2023-12-12T20:57:23","date_gmt":"2023-12-12T18:57:23","guid":{"rendered":"https:\/\/www.radiomarket.fi\/tuote\/ekua0539-bang-olufsen-beomaster-1200\/"},"modified":"2025-05-27T11:26:24","modified_gmt":"2025-05-27T08:26:24","slug":"ekua0539-bang-olufsen-beomaster-1200","status":"publish","type":"product","link":"https:\/\/www.radiomarket.fi\/en\/kohde\/ekua0539-bang-olufsen-beomaster-1200\/","title":{"rendered":"EKUA0539 Bang &amp; Olufsen Beomaster 1200 Type 2501 (EKUM)"},"content":{"rendered":"<p>Ulaesivalinnan kansi ja \u00e4\u00e4nenv\u00e4ris\u00e4\u00e4timen liukus\u00e4\u00e4din puuttuvat. Muoviosia irrallaan.<br \/><br \/>Myyd\u00e4\u00e4n kokonaisena tai osina. Ei tutkittu tarkemmin.<\/p>","protected":false},"excerpt":{"rendered":"<p>Ulaesivalinnan kansi ja \u00e4\u00e4nenv\u00e4ris\u00e4\u00e4timen liukus\u00e4\u00e4din puuttuvat. Muoviosia irrallaan.Myyd\u00e4\u00e4n kokonaisena tai osina. Ei tutkittu tarkemmin.<\/p>","protected":false},"featured_media":43961,"template":"","meta":[],"_links":{"self":[{"href":"https:\/\/www.radiomarket.fi\/en\/wp-json\/wp\/v2\/product\/19438"}],"collection":[{"href":"https:\/\/www.radiomarket.fi\/en\/wp-json\/wp\/v2\/product"}],"about":[{"href":"https:\/\/www.radiomarket.fi\/en\/wp-json\/wp\/v2\/types\/product"}],"wp:featuredmedia":[{"embeddable":true,"href":"https:\/\/www.radiomarket.fi\/en\/wp-json\/wp\/v2\/media\/43961"}],"wp:attachment":[{"href":"https:\/\/www.radiomarket.fi\/en\/wp-json\/wp\/v2\/media?parent=19438"}],"curies":[{"name":"wp","href":"https:\/\/api.w.org\/{rel}","templated":true}]}}