{"id":19442,"date":"2020-10-05T11:07:24","date_gmt":"2020-10-05T08:07:24","guid":{"rendered":"https:\/\/www.radiomarket.fi\/tuote\/ekua0536-philips-482221430208a1\/"},"modified":"2020-10-05T11:07:24","modified_gmt":"2020-10-05T08:07:24","slug":"ekua0536-philips-482221430208a1","status":"publish","type":"product","link":"https:\/\/www.radiomarket.fi\/en\/kohde\/ekua0536-philips-482221430208a1\/","title":{"rendered":"EKUA0536 Philips 482221430208A1"},"content":{"rendered":"2510 moottorin s\u00e4\u00e4t\u00f6yksikk\u00f6.","protected":false},"excerpt":{"rendered":"<p>2510 moottorin s\u00e4\u00e4t\u00f6yksikk\u00f6.<\/p>","protected":false},"featured_media":0,"template":"","meta":[],"_links":{"self":[{"href":"https:\/\/www.radiomarket.fi\/en\/wp-json\/wp\/v2\/product\/19442"}],"collection":[{"href":"https:\/\/www.radiomarket.fi\/en\/wp-json\/wp\/v2\/product"}],"about":[{"href":"https:\/\/www.radiomarket.fi\/en\/wp-json\/wp\/v2\/types\/product"}],"wp:attachment":[{"href":"https:\/\/www.radiomarket.fi\/en\/wp-json\/wp\/v2\/media?parent=19442"}],"curies":[{"name":"wp","href":"https:\/\/api.w.org\/{rel}","templated":true}]}}