{"id":19453,"date":"2020-10-05T11:07:27","date_gmt":"2020-10-05T08:07:27","guid":{"rendered":"https:\/\/www.radiomarket.fi\/tuote\/ekua0525-bang-olufsen-beogram-1000\/"},"modified":"2021-09-09T08:06:16","modified_gmt":"2021-09-09T05:06:16","slug":"ekua0525-bang-olufsen-beogram-1000","status":"publish","type":"product","link":"https:\/\/www.radiomarket.fi\/en\/kohde\/ekua0525-bang-olufsen-beogram-1000\/","title":{"rendered":"EKUA0525 Bang &amp; Olufsen Beogram 1000"},"content":{"rendered":"<p>Nopeudet 16\/33\/45\/78 p\u00f6lykansi puuttuu, \u00e4\u00e4nivarren nostimen kumi puuttuu.<\/p>","protected":false},"excerpt":{"rendered":"<p>Nopeudet 16\/33\/45\/78 p\u00f6lykansi puuttuu, \u00e4\u00e4nivarren nostimen kumi puuttuu.<\/p>","protected":false},"featured_media":0,"template":"","meta":[],"_links":{"self":[{"href":"https:\/\/www.radiomarket.fi\/en\/wp-json\/wp\/v2\/product\/19453"}],"collection":[{"href":"https:\/\/www.radiomarket.fi\/en\/wp-json\/wp\/v2\/product"}],"about":[{"href":"https:\/\/www.radiomarket.fi\/en\/wp-json\/wp\/v2\/types\/product"}],"wp:attachment":[{"href":"https:\/\/www.radiomarket.fi\/en\/wp-json\/wp\/v2\/media?parent=19453"}],"curies":[{"name":"wp","href":"https:\/\/api.w.org\/{rel}","templated":true}]}}