{"id":19454,"date":"2020-10-05T11:07:28","date_gmt":"2020-10-05T08:07:28","guid":{"rendered":"https:\/\/www.radiomarket.fi\/tuote\/ekua0524-volvo-autoradiokasettisoitin\/"},"modified":"2022-11-28T05:44:39","modified_gmt":"2022-11-28T03:44:39","slug":"ekua0524-volvo-autoradiokasettisoitin","status":"publish","type":"product","link":"https:\/\/www.radiomarket.fi\/en\/kohde\/ekua0524-volvo-autoradiokasettisoitin\/","title":{"rendered":"EKUA0524 Volvo autoradiokasettisoitin (EKUM)"},"content":{"rendered":"<p>C-kasetti nauhapuoli edell\u00e4, 3xFM,LW,MW, tavallista korkeampi radiosoitin. Etulevy, p\u00e4\u00e4llyspelti ja nupit puuttuvat, e.s.d -purkki mukana. Ei tutkittu tarkemmin.<\/p>","protected":false},"excerpt":{"rendered":"<p>C-kasetti nauhapuoli edell\u00e4, 3xFM,LW,MW, tavallista korkeampi radiosoitin. Etulevy, p\u00e4\u00e4llyspelti ja nupit puuttuvat, e.s.d -purkki mukana. Ei tutkittu tarkemmin.<\/p>","protected":false},"featured_media":35562,"template":"","meta":[],"_links":{"self":[{"href":"https:\/\/www.radiomarket.fi\/en\/wp-json\/wp\/v2\/product\/19454"}],"collection":[{"href":"https:\/\/www.radiomarket.fi\/en\/wp-json\/wp\/v2\/product"}],"about":[{"href":"https:\/\/www.radiomarket.fi\/en\/wp-json\/wp\/v2\/types\/product"}],"wp:featuredmedia":[{"embeddable":true,"href":"https:\/\/www.radiomarket.fi\/en\/wp-json\/wp\/v2\/media\/35562"}],"wp:attachment":[{"href":"https:\/\/www.radiomarket.fi\/en\/wp-json\/wp\/v2\/media?parent=19454"}],"curies":[{"name":"wp","href":"https:\/\/api.w.org\/{rel}","templated":true}]}}