{"id":19460,"date":"2020-10-05T11:07:29","date_gmt":"2020-10-05T08:07:29","guid":{"rendered":"https:\/\/www.radiomarket.fi\/tuote\/ekua0518-philips-prelude-el3302a-00\/"},"modified":"2023-12-16T17:12:11","modified_gmt":"2023-12-16T15:12:11","slug":"ekua0518-philips-prelude-el3302a-00","status":"publish","type":"product","link":"https:\/\/www.radiomarket.fi\/en\/kohde\/ekua0518-philips-prelude-el3302a-00\/","title":{"rendered":"EKUA0518 Philips Prelude EL3302A\/00 (EKUM)"},"content":{"rendered":"<p>Tuotemerkki puuttuu kaiutinritil\u00e4st\u00e4. L\u00e4pin\u00e4kyv\u00e4 C-kasetin suojakansi tallessa.<\/p>","protected":false},"excerpt":{"rendered":"<p>Tuotemerkki puuttuu kaiutinritil\u00e4st\u00e4. L\u00e4pin\u00e4kyv\u00e4 C-kasetin suojakansi tallessa.<\/p>","protected":false},"featured_media":31402,"template":"","meta":[],"_links":{"self":[{"href":"https:\/\/www.radiomarket.fi\/en\/wp-json\/wp\/v2\/product\/19460"}],"collection":[{"href":"https:\/\/www.radiomarket.fi\/en\/wp-json\/wp\/v2\/product"}],"about":[{"href":"https:\/\/www.radiomarket.fi\/en\/wp-json\/wp\/v2\/types\/product"}],"wp:featuredmedia":[{"embeddable":true,"href":"https:\/\/www.radiomarket.fi\/en\/wp-json\/wp\/v2\/media\/31402"}],"wp:attachment":[{"href":"https:\/\/www.radiomarket.fi\/en\/wp-json\/wp\/v2\/media?parent=19460"}],"curies":[{"name":"wp","href":"https:\/\/api.w.org\/{rel}","templated":true}]}}