{"id":19464,"date":"2020-10-05T11:07:30","date_gmt":"2020-10-05T08:07:30","guid":{"rendered":"https:\/\/www.radiomarket.fi\/tuote\/ekua0513-handic-65c\/"},"modified":"2022-03-09T20:50:42","modified_gmt":"2022-03-09T18:50:42","slug":"ekua0513-handic-65c","status":"publish","type":"product","link":"https:\/\/www.radiomarket.fi\/en\/kohde\/ekua0513-handic-65c\/","title":{"rendered":"EKUA0513 Handic 65C (EKUM)"},"content":{"rendered":"<p>Avattu, ei kiteit\u00e4, ei n\u00e4kyvi\u00e4 puutteita, kolme tyhj\u00e4\u00e4 johdonp\u00e4\u00e4t\u00e4.<\/p>","protected":false},"excerpt":{"rendered":"<p>Avattu, ei kiteit\u00e4, ei n\u00e4kyvi\u00e4 puutteita, kolme tyhj\u00e4\u00e4 johdonp\u00e4\u00e4t\u00e4.<\/p>","protected":false},"featured_media":31398,"template":"","meta":[],"_links":{"self":[{"href":"https:\/\/www.radiomarket.fi\/en\/wp-json\/wp\/v2\/product\/19464"}],"collection":[{"href":"https:\/\/www.radiomarket.fi\/en\/wp-json\/wp\/v2\/product"}],"about":[{"href":"https:\/\/www.radiomarket.fi\/en\/wp-json\/wp\/v2\/types\/product"}],"wp:featuredmedia":[{"embeddable":true,"href":"https:\/\/www.radiomarket.fi\/en\/wp-json\/wp\/v2\/media\/31398"}],"wp:attachment":[{"href":"https:\/\/www.radiomarket.fi\/en\/wp-json\/wp\/v2\/media?parent=19464"}],"curies":[{"name":"wp","href":"https:\/\/api.w.org\/{rel}","templated":true}]}}