{"id":19465,"date":"2020-10-05T11:07:30","date_gmt":"2020-10-05T08:07:30","guid":{"rendered":"https:\/\/www.radiomarket.fi\/tuote\/ekua0512-porsche-944\/"},"modified":"2020-10-05T11:07:30","modified_gmt":"2020-10-05T08:07:30","slug":"ekua0512-porsche-944","status":"publish","type":"product","link":"https:\/\/www.radiomarket.fi\/en\/kohde\/ekua0512-porsche-944\/","title":{"rendered":"EKUA0512 Porsche 944"},"content":{"rendered":"Yksi py\u00f6r\u00e4 puuttuu","protected":false},"excerpt":{"rendered":"<p>Yksi py\u00f6r\u00e4 puuttuu<\/p>","protected":false},"featured_media":0,"template":"","meta":[],"_links":{"self":[{"href":"https:\/\/www.radiomarket.fi\/en\/wp-json\/wp\/v2\/product\/19465"}],"collection":[{"href":"https:\/\/www.radiomarket.fi\/en\/wp-json\/wp\/v2\/product"}],"about":[{"href":"https:\/\/www.radiomarket.fi\/en\/wp-json\/wp\/v2\/types\/product"}],"wp:attachment":[{"href":"https:\/\/www.radiomarket.fi\/en\/wp-json\/wp\/v2\/media?parent=19465"}],"curies":[{"name":"wp","href":"https:\/\/api.w.org\/{rel}","templated":true}]}}