{"id":19493,"date":"2024-04-24T11:07:36","date_gmt":"2024-04-24T08:07:36","guid":{"rendered":"https:\/\/www.radiomarket.fi\/tuote\/ekua0303-puhelinteollisuus-at-puhelin\/"},"modified":"2024-04-24T23:10:02","modified_gmt":"2024-04-24T20:10:02","slug":"ekua0303-puhelinteollisuus-at-puhelin","status":"publish","type":"product","link":"https:\/\/www.radiomarket.fi\/en\/kohde\/ekua0303-puhelinteollisuus-at-puhelin\/","title":{"rendered":"EKUA0303 Puhelinteollisuus AT-puhelin (EKUM)"},"content":{"rendered":"<p>Musta, valintalevyllinen AT-puhelin. Rikkin\u00e4inen, huonokuntoinen. <br \/><br \/>Ei luuria, johdot eritt\u00e4in k\u00e4rsineet, valintalevyst\u00e4 pala poissa. Luurin haarukasta yksi sakara lohjennut pois.<\/p>","protected":false},"excerpt":{"rendered":"<p>Musta, valintalevyllinen AT-puhelin. Rikkin\u00e4inen, huonokuntoinen. Ei luuria, johdot eritt\u00e4in k\u00e4rsineet, valintalevyst\u00e4 pala poissa. Luurin haarukasta yksi sakara lohjennut pois.<\/p>","protected":false},"featured_media":46481,"template":"","meta":[],"_links":{"self":[{"href":"https:\/\/www.radiomarket.fi\/en\/wp-json\/wp\/v2\/product\/19493"}],"collection":[{"href":"https:\/\/www.radiomarket.fi\/en\/wp-json\/wp\/v2\/product"}],"about":[{"href":"https:\/\/www.radiomarket.fi\/en\/wp-json\/wp\/v2\/types\/product"}],"wp:featuredmedia":[{"embeddable":true,"href":"https:\/\/www.radiomarket.fi\/en\/wp-json\/wp\/v2\/media\/46481"}],"wp:attachment":[{"href":"https:\/\/www.radiomarket.fi\/en\/wp-json\/wp\/v2\/media?parent=19493"}],"curies":[{"name":"wp","href":"https:\/\/api.w.org\/{rel}","templated":true}]}}