{"id":19498,"date":"2024-04-18T11:07:37","date_gmt":"2024-04-18T08:07:37","guid":{"rendered":"https:\/\/www.radiomarket.fi\/tuote\/ekua0286-asa-euroline-tv-3373-b-euroline-tv-3373-b\/"},"modified":"2024-04-18T17:27:56","modified_gmt":"2024-04-18T14:27:56","slug":"ekua0286-asa-euroline-tv-3373-b","status":"publish","type":"product","link":"https:\/\/www.radiomarket.fi\/en\/kohde\/ekua0286-asa-euroline-tv-3373-b\/","title":{"rendered":"EKUA0286 Asa Euroline TV 3373 B (EKUM)"},"content":{"rendered":"<p>Valkoinen muovikotelo. Ei erillist\u00e4 antennia. Jokin muoviosa irrallaan mukana pussissa. Ei tutkittu tarkemmin. Et\u00e4myynniss\u00e4 suosittelemme s\u00e4rkyv\u00e4-lis\u00e4palvelun lunastamista t\u00e4lle tuotteelle. Varaosia voidaan tapauskohtaisesti purkaa ja myyd\u00e4 my\u00f6s postimyyntin\u00e4.\u00a0<\/p><p>T\u00e4st\u00e4 voidaan luopua, sill\u00e4 museokokoelmassa on vastaava esine luettelointinumerolla RAPM0327.<\/p>","protected":false},"excerpt":{"rendered":"<p>Suosittelemme televisioille s\u00e4rkyv\u00e4-lis\u00e4palvelua (ostettavissa erillisen\u00e4 tuotteena).<\/p>","protected":false},"featured_media":46263,"template":"","meta":[],"_links":{"self":[{"href":"https:\/\/www.radiomarket.fi\/en\/wp-json\/wp\/v2\/product\/19498"}],"collection":[{"href":"https:\/\/www.radiomarket.fi\/en\/wp-json\/wp\/v2\/product"}],"about":[{"href":"https:\/\/www.radiomarket.fi\/en\/wp-json\/wp\/v2\/types\/product"}],"wp:featuredmedia":[{"embeddable":true,"href":"https:\/\/www.radiomarket.fi\/en\/wp-json\/wp\/v2\/media\/46263"}],"wp:attachment":[{"href":"https:\/\/www.radiomarket.fi\/en\/wp-json\/wp\/v2\/media?parent=19498"}],"curies":[{"name":"wp","href":"https:\/\/api.w.org\/{rel}","templated":true}]}}