{"id":19501,"date":"2020-10-05T11:07:38","date_gmt":"2020-10-05T08:07:38","guid":{"rendered":"https:\/\/www.radiomarket.fi\/tuote\/ekua0279-jvc-9410lf\/"},"modified":"2022-11-30T19:22:00","modified_gmt":"2022-11-30T17:22:00","slug":"ekua0279-jvc-9410lf","status":"publish","type":"product","link":"https:\/\/www.radiomarket.fi\/en\/kohde\/ekua0279-jvc-9410lf\/","title":{"rendered":"EKUA0279x JVC Nivico 9410LF (EKUM)"},"content":{"rendered":"<p>Mukana alkuper\u00e4inen verkkojohto erikoispistokkeella, pistoke k\u00e4rsinyt radion p\u00e4\u00e4st\u00e4. Radio soi, potikat rutisee (testattu 2007).<\/p>","protected":false},"excerpt":{"rendered":"<p>Mukana alkuper\u00e4inen verkkojohto erikoispistokkeella, pistoke k\u00e4rsinyt radion p\u00e4\u00e4st\u00e4. Radio soi, potikat rutisee (testattu 2007).<\/p>","protected":false},"featured_media":31395,"template":"","meta":[],"_links":{"self":[{"href":"https:\/\/www.radiomarket.fi\/en\/wp-json\/wp\/v2\/product\/19501"}],"collection":[{"href":"https:\/\/www.radiomarket.fi\/en\/wp-json\/wp\/v2\/product"}],"about":[{"href":"https:\/\/www.radiomarket.fi\/en\/wp-json\/wp\/v2\/types\/product"}],"wp:featuredmedia":[{"embeddable":true,"href":"https:\/\/www.radiomarket.fi\/en\/wp-json\/wp\/v2\/media\/31395"}],"wp:attachment":[{"href":"https:\/\/www.radiomarket.fi\/en\/wp-json\/wp\/v2\/media?parent=19501"}],"curies":[{"name":"wp","href":"https:\/\/api.w.org\/{rel}","templated":true}]}}