{"id":19502,"date":"2020-10-05T11:07:38","date_gmt":"2020-10-05T08:07:38","guid":{"rendered":"https:\/\/www.radiomarket.fi\/tuote\/ekua0278-philips-rr300\/"},"modified":"2023-02-01T13:13:49","modified_gmt":"2023-02-01T11:13:49","slug":"ekua0278-philips-rr300","status":"publish","type":"product","link":"https:\/\/www.radiomarket.fi\/en\/kohde\/ekua0278-philips-rr300\/","title":{"rendered":"EKUA0278 Philips RR300 (EKUM)"},"content":{"rendered":"<p>Puuttuu kasettikotelon kansi, etulista (metalli). Antenni viallinen.<\/p>","protected":false},"excerpt":{"rendered":"<p>T\u00e4st\u00e4 voidaan myyd\u00e4 my\u00f6s osia.<\/p>","protected":false},"featured_media":30030,"template":"","meta":[],"_links":{"self":[{"href":"https:\/\/www.radiomarket.fi\/en\/wp-json\/wp\/v2\/product\/19502"}],"collection":[{"href":"https:\/\/www.radiomarket.fi\/en\/wp-json\/wp\/v2\/product"}],"about":[{"href":"https:\/\/www.radiomarket.fi\/en\/wp-json\/wp\/v2\/types\/product"}],"wp:featuredmedia":[{"embeddable":true,"href":"https:\/\/www.radiomarket.fi\/en\/wp-json\/wp\/v2\/media\/30030"}],"wp:attachment":[{"href":"https:\/\/www.radiomarket.fi\/en\/wp-json\/wp\/v2\/media?parent=19502"}],"curies":[{"name":"wp","href":"https:\/\/api.w.org\/{rel}","templated":true}]}}