{"id":19509,"date":"2020-10-05T11:07:39","date_gmt":"2020-10-05T08:07:39","guid":{"rendered":"https:\/\/www.radiomarket.fi\/tuote\/ekua0265-tuntematon-lisasoittokello\/"},"modified":"2021-12-29T17:00:44","modified_gmt":"2021-12-29T15:00:44","slug":"ekua0265-tuntematon-lisasoittokello","status":"publish","type":"product","link":"https:\/\/www.radiomarket.fi\/en\/kohde\/ekua0265-tuntematon-lisasoittokello\/","title":{"rendered":"EKUA0265 Lis\u00e4soittokello (EKUM)"},"content":{"rendered":"<p>Kello hopeanv\u00e4rinen ja viereinen py\u00f6re\u00e4 osa musta. Eritt\u00e4in hyv\u00e4kuntoinen<\/p>","protected":false},"excerpt":{"rendered":"<p>Kello hopeanv\u00e4rinen ja viereinen py\u00f6re\u00e4 osa musta. Eritt\u00e4in hyv\u00e4kuntoinen<\/p>","protected":false},"featured_media":29820,"template":"","meta":[],"_links":{"self":[{"href":"https:\/\/www.radiomarket.fi\/en\/wp-json\/wp\/v2\/product\/19509"}],"collection":[{"href":"https:\/\/www.radiomarket.fi\/en\/wp-json\/wp\/v2\/product"}],"about":[{"href":"https:\/\/www.radiomarket.fi\/en\/wp-json\/wp\/v2\/types\/product"}],"wp:featuredmedia":[{"embeddable":true,"href":"https:\/\/www.radiomarket.fi\/en\/wp-json\/wp\/v2\/media\/29820"}],"wp:attachment":[{"href":"https:\/\/www.radiomarket.fi\/en\/wp-json\/wp\/v2\/media?parent=19509"}],"curies":[{"name":"wp","href":"https:\/\/api.w.org\/{rel}","templated":true}]}}