{"id":19511,"date":"2020-10-05T11:07:40","date_gmt":"2020-10-05T08:07:40","guid":{"rendered":"https:\/\/www.radiomarket.fi\/tuote\/ekua0261-standard-telephones-and-cables-str9z-100v\/"},"modified":"2020-10-05T11:07:40","modified_gmt":"2020-10-05T08:07:40","slug":"ekua0261-standard-telephones-and-cables-str9z-100v","status":"publish","type":"product","link":"https:\/\/www.radiomarket.fi\/en\/kohde\/ekua0261-standard-telephones-and-cables-str9z-100v\/","title":{"rendered":"EKUA0261 Standard Telephones and Cables STR9Z\/100V"},"content":{"rendered":"Musta, metallikotelo. Pelti paikoin v\u00e4\u00e4ntynyt\/v\u00e4\u00e4nnetty. Samankaltainen kuin STR9X.","protected":false},"excerpt":{"rendered":"<p>Musta, metallikotelo. Pelti paikoin v\u00e4\u00e4ntynyt\/v\u00e4\u00e4nnetty. Samankaltainen kuin STR9X.<\/p>","protected":false},"featured_media":0,"template":"","meta":[],"_links":{"self":[{"href":"https:\/\/www.radiomarket.fi\/en\/wp-json\/wp\/v2\/product\/19511"}],"collection":[{"href":"https:\/\/www.radiomarket.fi\/en\/wp-json\/wp\/v2\/product"}],"about":[{"href":"https:\/\/www.radiomarket.fi\/en\/wp-json\/wp\/v2\/types\/product"}],"wp:attachment":[{"href":"https:\/\/www.radiomarket.fi\/en\/wp-json\/wp\/v2\/media?parent=19511"}],"curies":[{"name":"wp","href":"https:\/\/api.w.org\/{rel}","templated":true}]}}