{"id":19515,"date":"2020-10-05T11:07:41","date_gmt":"2020-10-05T08:07:41","guid":{"rendered":"https:\/\/www.radiomarket.fi\/tuote\/ekua0254-hellberg-vzvmn\/"},"modified":"2023-04-11T14:17:50","modified_gmt":"2023-04-11T11:17:50","slug":"ekua0254-hellberg-vzvmn","status":"publish","type":"product","link":"https:\/\/www.radiomarket.fi\/en\/kohde\/ekua0254-hellberg-vzvmn\/","title":{"rendered":"EKUA0254 Hellberg VZVMN"},"content":{"rendered":"Koteloton, musta, metallinen etupaneeli. Nuppit \u201csovitus OHMIA\u201d ja \u201ckytkin voimakkuus\u201d, isoja, mustia, py\u00f6ritett\u00e4vi\u00e4.","protected":false},"excerpt":{"rendered":"<p>Koteloton, musta, metallinen etupaneeli. Nuppit \u201csovitus OHMIA\u201d ja \u201ckytkin voimakkuus\u201d, isoja, mustia, py\u00f6ritett\u00e4vi\u00e4.<\/p>","protected":false},"featured_media":0,"template":"","meta":[],"_links":{"self":[{"href":"https:\/\/www.radiomarket.fi\/en\/wp-json\/wp\/v2\/product\/19515"}],"collection":[{"href":"https:\/\/www.radiomarket.fi\/en\/wp-json\/wp\/v2\/product"}],"about":[{"href":"https:\/\/www.radiomarket.fi\/en\/wp-json\/wp\/v2\/types\/product"}],"wp:attachment":[{"href":"https:\/\/www.radiomarket.fi\/en\/wp-json\/wp\/v2\/media?parent=19515"}],"curies":[{"name":"wp","href":"https:\/\/api.w.org\/{rel}","templated":true}]}}