{"id":19516,"date":"2020-10-05T11:07:41","date_gmt":"2020-10-05T08:07:41","guid":{"rendered":"https:\/\/www.radiomarket.fi\/tuote\/ekua0253-philips-putkiradio\/"},"modified":"2023-02-27T19:48:57","modified_gmt":"2023-02-27T17:48:57","slug":"ekua0253-philips-novosonic_putkiradio","status":"publish","type":"product","link":"https:\/\/www.radiomarket.fi\/en\/kohde\/ekua0253-philips-novosonic_putkiradio\/","title":{"rendered":"EKUA0253 Philips Putkiradio Novo Sonic"},"content":{"rendered":"<p>Tummanruskea. Kotelo ja asteikko OK. Pikkunupit puuttuu samoin kuin osia koneistosta. Myyd\u00e4\u00e4n my\u00f6s yksitt\u00e4isin\u00e4 varaosina.<\/p>","protected":false},"excerpt":{"rendered":"<p>Tummanruskea. Kotelo ja asteikko OK. Pikkunupit puuttuu samoin kuin osia koneistosta. Myyd\u00e4\u00e4n my\u00f6s yksitt\u00e4isin\u00e4 varaosina.<\/p>","protected":false},"featured_media":26562,"template":"","meta":[],"_links":{"self":[{"href":"https:\/\/www.radiomarket.fi\/en\/wp-json\/wp\/v2\/product\/19516"}],"collection":[{"href":"https:\/\/www.radiomarket.fi\/en\/wp-json\/wp\/v2\/product"}],"about":[{"href":"https:\/\/www.radiomarket.fi\/en\/wp-json\/wp\/v2\/types\/product"}],"wp:featuredmedia":[{"embeddable":true,"href":"https:\/\/www.radiomarket.fi\/en\/wp-json\/wp\/v2\/media\/26562"}],"wp:attachment":[{"href":"https:\/\/www.radiomarket.fi\/en\/wp-json\/wp\/v2\/media?parent=19516"}],"curies":[{"name":"wp","href":"https:\/\/api.w.org\/{rel}","templated":true}]}}