{"id":19517,"date":"2020-10-05T11:07:41","date_gmt":"2020-10-05T08:07:41","guid":{"rendered":"https:\/\/www.radiomarket.fi\/tuote\/ekua0251-facit-c1-13\/"},"modified":"2020-10-05T11:07:41","modified_gmt":"2020-10-05T08:07:41","slug":"ekua0251-facit-c1-13","status":"publish","type":"product","link":"https:\/\/www.radiomarket.fi\/en\/kohde\/ekua0251-facit-c1-13\/","title":{"rendered":"EKUA0251 Facit C1-13"},"content":{"rendered":"Vaalea, painava, metallikotelo, numeropainikkeet oudossa j\u00e4rjestyksess\u00e4.","protected":false},"excerpt":{"rendered":"<p>Vaalea, painava, metallikotelo, numeropainikkeet oudossa j\u00e4rjestyksess\u00e4.<\/p>","protected":false},"featured_media":0,"template":"","meta":[],"_links":{"self":[{"href":"https:\/\/www.radiomarket.fi\/en\/wp-json\/wp\/v2\/product\/19517"}],"collection":[{"href":"https:\/\/www.radiomarket.fi\/en\/wp-json\/wp\/v2\/product"}],"about":[{"href":"https:\/\/www.radiomarket.fi\/en\/wp-json\/wp\/v2\/types\/product"}],"wp:attachment":[{"href":"https:\/\/www.radiomarket.fi\/en\/wp-json\/wp\/v2\/media?parent=19517"}],"curies":[{"name":"wp","href":"https:\/\/api.w.org\/{rel}","templated":true}]}}