{"id":19522,"date":"2023-08-22T11:07:42","date_gmt":"2023-08-22T08:07:42","guid":{"rendered":"https:\/\/www.radiomarket.fi\/tuote\/ekua0244-tuntematon-antenni-sarja\/"},"modified":"2023-08-22T10:51:25","modified_gmt":"2023-08-22T07:51:25","slug":"ekua0244-tuntematon-antenni-sarja","status":"publish","type":"product","link":"https:\/\/www.radiomarket.fi\/en\/kohde\/ekua0244-tuntematon-antenni-sarja\/","title":{"rendered":"EKUA0244 Panorama Antennas VHF-ajoneuvoantenni NOS (EKUB)"},"content":{"rendered":"Antenni 124 cm pitk\u00e4, lyhennett\u00e4viss\u00e4. Johto 5 metri\u00e4, ei liitint\u00e4. K\u00e4ytt\u00e4m\u00e4t\u00f6n tuote.","protected":false},"excerpt":{"rendered":"<p>Antenni 124 cm pitk\u00e4, lyhennett\u00e4viss\u00e4. Johto 5 metri\u00e4, ei liitint\u00e4. K\u00e4ytt\u00e4m\u00e4t\u00f6n tuote.<\/p>","protected":false},"featured_media":41583,"template":"","meta":[],"_links":{"self":[{"href":"https:\/\/www.radiomarket.fi\/en\/wp-json\/wp\/v2\/product\/19522"}],"collection":[{"href":"https:\/\/www.radiomarket.fi\/en\/wp-json\/wp\/v2\/product"}],"about":[{"href":"https:\/\/www.radiomarket.fi\/en\/wp-json\/wp\/v2\/types\/product"}],"wp:featuredmedia":[{"embeddable":true,"href":"https:\/\/www.radiomarket.fi\/en\/wp-json\/wp\/v2\/media\/41583"}],"wp:attachment":[{"href":"https:\/\/www.radiomarket.fi\/en\/wp-json\/wp\/v2\/media?parent=19522"}],"curies":[{"name":"wp","href":"https:\/\/api.w.org\/{rel}","templated":true}]}}