{"id":19525,"date":"2020-10-05T11:07:43","date_gmt":"2020-10-05T08:07:43","guid":{"rendered":"https:\/\/www.radiomarket.fi\/tuote\/ekua0237-ericsson-matra-10-3-a-14-pilot\/"},"modified":"2021-02-24T20:08:48","modified_gmt":"2021-02-24T18:08:48","slug":"ekua0237-ericsson-matra-10-3-a-14-pilot","status":"publish","type":"product","link":"https:\/\/www.radiomarket.fi\/en\/kohde\/ekua0237-ericsson-matra-10-3-a-14-pilot\/","title":{"rendered":"EKUA0237 Ericsson Matra 10 3-A-14 Pilot"},"content":{"rendered":"Beige, ruskeat n\u00e4pp\u00e4imet. Alkuper\u00e4isess\u00e4 laatikossaan. Laitteeseen kirjoitettu lyijykyn\u00e4ll\u00e4 &#8220;Ei toimi&#8221;.","protected":false},"excerpt":{"rendered":"<p>Beige, ruskeat n\u00e4pp\u00e4imet. Alkuper\u00e4isess\u00e4 laatikossaan. Laitteeseen kirjoitettu lyijykyn\u00e4ll\u00e4 &#8220;Ei toimi&#8221;.<\/p>","protected":false},"featured_media":26259,"template":"","meta":[],"_links":{"self":[{"href":"https:\/\/www.radiomarket.fi\/en\/wp-json\/wp\/v2\/product\/19525"}],"collection":[{"href":"https:\/\/www.radiomarket.fi\/en\/wp-json\/wp\/v2\/product"}],"about":[{"href":"https:\/\/www.radiomarket.fi\/en\/wp-json\/wp\/v2\/types\/product"}],"wp:featuredmedia":[{"embeddable":true,"href":"https:\/\/www.radiomarket.fi\/en\/wp-json\/wp\/v2\/media\/26259"}],"wp:attachment":[{"href":"https:\/\/www.radiomarket.fi\/en\/wp-json\/wp\/v2\/media?parent=19525"}],"curies":[{"name":"wp","href":"https:\/\/api.w.org\/{rel}","templated":true}]}}