{"id":19526,"date":"2020-10-05T11:07:43","date_gmt":"2020-10-05T08:07:43","guid":{"rendered":"https:\/\/www.radiomarket.fi\/tuote\/ekua0236-ericsson-diavox-110\/"},"modified":"2021-02-24T20:06:28","modified_gmt":"2021-02-24T18:06:28","slug":"ekua0236-ericsson-diavox-110","status":"publish","type":"product","link":"https:\/\/www.radiomarket.fi\/en\/kohde\/ekua0236-ericsson-diavox-110\/","title":{"rendered":"EKUA0236 Ericsson Diavox 110"},"content":{"rendered":"Valkoinen. Alkuper\u00e4isess\u00e4 laatikossaan, eritt\u00e4in hyv\u00e4kuntoinen. Saudi-Arabian vientimalli. Numeron\u00e4pp\u00e4imiss\u00e4 sek\u00e4 Suomessa, ett\u00e4 Saudi-Arabiassa k\u00e4ytetyt numerot.","protected":false},"excerpt":{"rendered":"<p>Valkoinen. Alkuper\u00e4isess\u00e4 laatikossaan, eritt\u00e4in hyv\u00e4kuntoinen. Saudi-Arabian vientimalli. Numeron\u00e4pp\u00e4imiss\u00e4 sek\u00e4 Suomessa, ett\u00e4 Saudi-Arabiassa k\u00e4ytetyt numerot.<\/p>","protected":false},"featured_media":26257,"template":"","meta":[],"_links":{"self":[{"href":"https:\/\/www.radiomarket.fi\/en\/wp-json\/wp\/v2\/product\/19526"}],"collection":[{"href":"https:\/\/www.radiomarket.fi\/en\/wp-json\/wp\/v2\/product"}],"about":[{"href":"https:\/\/www.radiomarket.fi\/en\/wp-json\/wp\/v2\/types\/product"}],"wp:featuredmedia":[{"embeddable":true,"href":"https:\/\/www.radiomarket.fi\/en\/wp-json\/wp\/v2\/media\/26257"}],"wp:attachment":[{"href":"https:\/\/www.radiomarket.fi\/en\/wp-json\/wp\/v2\/media?parent=19526"}],"curies":[{"name":"wp","href":"https:\/\/api.w.org\/{rel}","templated":true}]}}