{"id":19530,"date":"2025-09-30T10:07:44","date_gmt":"2025-09-30T07:07:44","guid":{"rendered":"https:\/\/www.radiomarket.fi\/tuote\/ekua0201x-philips-stereo-4407-n4407-69\/"},"modified":"2025-09-30T15:52:57","modified_gmt":"2025-09-30T12:52:57","slug":"ekua0201x-philips-stereo-4407-n4407-69","status":"publish","type":"product","link":"https:\/\/www.radiomarket.fi\/en\/kohde\/ekua0201x-philips-stereo-4407-n4407-69\/","title":{"rendered":"EKUA0201x Philips Stereo 4407 N4407\/69 avokelanauhuri puretaan (EKUB)"},"content":{"rendered":"<p>Avokelanauhuri. Kelat edess\u00e4 ylh\u00e4\u00e4ll\u00e4, nupit alareunassa. Nauhan nopeudet 19 \/ 7 1\/2, 9,5 \/ 3 3\/4, 4,75 \/ 1 7\/8. Takana tyyppinumero N4407169.<br \/><br \/>Moottori irroitettu, mittauksen perusteella arvioidaan toimivaksi osaksi. Moottorin hinta yksin\u00e4\u00e4n 18,00. Nupit 5,00\/kpl jne.<br \/><br \/><\/p><p><strong>Otettu varaosiksi seuraavat osat:<\/strong><br \/><br \/>Raitavalitsimen nupin keski\u00f6 puuttuu. Ei p\u00f6lykantta, ei johtoluukkua, tapit ja niiden ymp\u00e4rill\u00e4 olevat kumiosat puuttuu. Kelauspainonapin metallinv\u00e4rinen osa puuttuu. \u00c4\u00e4nip\u00e4\u00e4t puuttuvat. V\u00e4lipy\u00f6r\u00e4 otettu. Vetohihna sulanut koneistoon mutta puhdistettavissa.<\/p><p>&nbsp;<\/p>","protected":false},"excerpt":{"rendered":"<p>Avokelanauhuri. Kelat edess\u00e4 ylh\u00e4\u00e4ll\u00e4, nupit alareunassa. Nauhan nopeudet 19 \/ 7 1\/2, 9,5 \/ 3 3\/4, 4,75 \/ 1 7\/8. Takana tyyppinumero N4407169.Moottori irroitettu, mittauksen perusteella arvioidaan toimivaksi osaksi. Moottorin hinta yksin\u00e4\u00e4n 18,00. Nupit 5,00\/kpl jne.Otettu varaosiksi seuraavat osat:Raitavalitsimen nupin keski\u00f6 puuttuu. Ei p\u00f6lykantta, ei johtoluukkua, tapit ja niiden ymp\u00e4rill\u00e4 olevat kumiosat puuttuu. Kelauspainonapin metallinv\u00e4rinen &hellip;<\/p>\n<p class=\"read-more\"> <a class=\"thunk-readmore button\" href=\"https:\/\/www.radiomarket.fi\/en\/kohde\/ekua0201x-philips-stereo-4407-n4407-69\/\"> <span class=\"screen-reader-text\">EKUA0201x Philips Stereo 4407 N4407\/69 avokelanauhuri puretaan (EKUB)<\/span>Read More<\/a><\/p>","protected":false},"featured_media":42714,"template":"","meta":[],"_links":{"self":[{"href":"https:\/\/www.radiomarket.fi\/en\/wp-json\/wp\/v2\/product\/19530"}],"collection":[{"href":"https:\/\/www.radiomarket.fi\/en\/wp-json\/wp\/v2\/product"}],"about":[{"href":"https:\/\/www.radiomarket.fi\/en\/wp-json\/wp\/v2\/types\/product"}],"wp:featuredmedia":[{"embeddable":true,"href":"https:\/\/www.radiomarket.fi\/en\/wp-json\/wp\/v2\/media\/42714"}],"wp:attachment":[{"href":"https:\/\/www.radiomarket.fi\/en\/wp-json\/wp\/v2\/media?parent=19530"}],"curies":[{"name":"wp","href":"https:\/\/api.w.org\/{rel}","templated":true}]}}