{"id":19542,"date":"2020-10-05T11:07:48","date_gmt":"2020-10-05T08:07:48","guid":{"rendered":"https:\/\/www.radiomarket.fi\/tuote\/ekua0141-harman-kardon-dvd1\/"},"modified":"2020-10-05T11:07:48","modified_gmt":"2020-10-05T08:07:48","slug":"ekua0141-harman-kardon-dvd1","status":"publish","type":"product","link":"https:\/\/www.radiomarket.fi\/en\/kohde\/ekua0141-harman-kardon-dvd1\/","title":{"rendered":"EKUA0141 Harman\/Kardon DVD1"},"content":{"rendered":"Musta metalli\/muovikotelo. Levyluukku etupaneelissa harmaa, niin my\u00f6s kolme nappia digitaalisen n\u00e4yt\u00f6n oikeassa reunassa. Laite ei toimi. Mukana kaukos\u00e4\u00e4din ja k\u00e4ytt\u00f6ohje.","protected":false},"excerpt":{"rendered":"<p>Musta metalli\/muovikotelo. Levyluukku etupaneelissa harmaa, niin my\u00f6s kolme nappia digitaalisen n\u00e4yt\u00f6n oikeassa reunassa. Laite ei toimi. Mukana kaukos\u00e4\u00e4din ja k\u00e4ytt\u00f6ohje.<\/p>","protected":false},"featured_media":0,"template":"","meta":[],"_links":{"self":[{"href":"https:\/\/www.radiomarket.fi\/en\/wp-json\/wp\/v2\/product\/19542"}],"collection":[{"href":"https:\/\/www.radiomarket.fi\/en\/wp-json\/wp\/v2\/product"}],"about":[{"href":"https:\/\/www.radiomarket.fi\/en\/wp-json\/wp\/v2\/types\/product"}],"wp:attachment":[{"href":"https:\/\/www.radiomarket.fi\/en\/wp-json\/wp\/v2\/media?parent=19542"}],"curies":[{"name":"wp","href":"https:\/\/api.w.org\/{rel}","templated":true}]}}