{"id":19545,"date":"2020-10-05T11:07:48","date_gmt":"2020-10-05T08:07:48","guid":{"rendered":"https:\/\/www.radiomarket.fi\/tuote\/ekua0126-helvar-helvarama-23-twincombi-4000-l-syncromatic-tl-2321\/"},"modified":"2021-03-05T00:05:39","modified_gmt":"2021-03-04T22:05:39","slug":"ekua0126-helvar-helvarama-23-twincombi-4000-l-syncromatic-tl-2321","status":"publish","type":"product","link":"https:\/\/www.radiomarket.fi\/en\/kohde\/ekua0126-helvar-helvarama-23-twincombi-4000-l-syncromatic-tl-2321\/","title":{"rendered":"EKUA0126 Helvar Helvarama 23 Twincombi 4000 L syncromatic TL-2321 kaiuttimet"},"content":{"rendered":"<p>Kaksi kaiutinelementti\u00e4 t\u00e4h\u00e4n malliin j\u00e4ljell\u00e4.<\/p>","protected":false},"excerpt":{"rendered":"<p>Kaksi kaiutinelementti\u00e4 t\u00e4h\u00e4n malliin j\u00e4ljell\u00e4.<\/p>","protected":false},"featured_media":0,"template":"","meta":[],"_links":{"self":[{"href":"https:\/\/www.radiomarket.fi\/en\/wp-json\/wp\/v2\/product\/19545"}],"collection":[{"href":"https:\/\/www.radiomarket.fi\/en\/wp-json\/wp\/v2\/product"}],"about":[{"href":"https:\/\/www.radiomarket.fi\/en\/wp-json\/wp\/v2\/types\/product"}],"wp:attachment":[{"href":"https:\/\/www.radiomarket.fi\/en\/wp-json\/wp\/v2\/media?parent=19545"}],"curies":[{"name":"wp","href":"https:\/\/api.w.org\/{rel}","templated":true}]}}