{"id":19549,"date":"2020-10-05T11:07:49","date_gmt":"2020-10-05T08:07:49","guid":{"rendered":"https:\/\/www.radiomarket.fi\/tuote\/ekua0113-blaupunkt-suprakustik-8x8\/"},"modified":"2020-10-05T11:07:49","modified_gmt":"2020-10-05T08:07:49","slug":"ekua0113-blaupunkt-suprakustik-8x8","status":"publish","type":"product","link":"https:\/\/www.radiomarket.fi\/en\/kohde\/ekua0113-blaupunkt-suprakustik-8x8\/","title":{"rendered":"EKUA0113 Blaupunkt Suprakustik 8X8"},"content":{"rendered":"Pieni, kiinni (etu)levyss\u00e4. Hyv\u00e4kuntoinen.","protected":false},"excerpt":{"rendered":"<p>Pieni, kiinni (etu)levyss\u00e4. Hyv\u00e4kuntoinen.<\/p>","protected":false},"featured_media":0,"template":"","meta":[],"_links":{"self":[{"href":"https:\/\/www.radiomarket.fi\/en\/wp-json\/wp\/v2\/product\/19549"}],"collection":[{"href":"https:\/\/www.radiomarket.fi\/en\/wp-json\/wp\/v2\/product"}],"about":[{"href":"https:\/\/www.radiomarket.fi\/en\/wp-json\/wp\/v2\/types\/product"}],"wp:attachment":[{"href":"https:\/\/www.radiomarket.fi\/en\/wp-json\/wp\/v2\/media?parent=19549"}],"curies":[{"name":"wp","href":"https:\/\/api.w.org\/{rel}","templated":true}]}}