{"id":19558,"date":"2023-12-05T11:07:53","date_gmt":"2023-12-05T09:07:53","guid":{"rendered":"https:\/\/www.radiomarket.fi\/tuote\/ekua0071-philips-all-transistor\/"},"modified":"2023-12-12T13:29:39","modified_gmt":"2023-12-12T11:29:39","slug":"ekua0071-philips-all-transistor","status":"publish","type":"product","link":"https:\/\/www.radiomarket.fi\/en\/kohde\/ekua0071-philips-all-transistor\/","title":{"rendered":"EKUA0071 Philips All transistor (EKUM)"},"content":{"rendered":"<p>Kotelossa halkeama. Edest\u00e4 puuttuu koristelista. Kuulokeliit\u00e4nt\u00e4 vaikuttaa modifioidulta. Ei tutkittu tarkemmin.<\/p>","protected":false},"excerpt":{"rendered":"<p>Kotelossa halkeama. Edest\u00e4 puuttuu koristelista. Kuulokeliit\u00e4nt\u00e4 vaikuttaa modifioidulta. Ei tutkittu tarkemmin.<\/p>","protected":false},"featured_media":43751,"template":"","meta":[],"_links":{"self":[{"href":"https:\/\/www.radiomarket.fi\/en\/wp-json\/wp\/v2\/product\/19558"}],"collection":[{"href":"https:\/\/www.radiomarket.fi\/en\/wp-json\/wp\/v2\/product"}],"about":[{"href":"https:\/\/www.radiomarket.fi\/en\/wp-json\/wp\/v2\/types\/product"}],"wp:featuredmedia":[{"embeddable":true,"href":"https:\/\/www.radiomarket.fi\/en\/wp-json\/wp\/v2\/media\/43751"}],"wp:attachment":[{"href":"https:\/\/www.radiomarket.fi\/en\/wp-json\/wp\/v2\/media?parent=19558"}],"curies":[{"name":"wp","href":"https:\/\/api.w.org\/{rel}","templated":true}]}}