{"id":19559,"date":"2020-10-05T11:07:53","date_gmt":"2020-10-05T08:07:53","guid":{"rendered":"https:\/\/www.radiomarket.fi\/tuote\/ekua0068-tuntematon-matkalaukku\/"},"modified":"2020-10-05T11:07:53","modified_gmt":"2020-10-05T08:07:53","slug":"ekua0068-tuntematon-matkalaukku","status":"publish","type":"product","link":"https:\/\/www.radiomarket.fi\/en\/kohde\/ekua0068-tuntematon-matkalaukku\/","title":{"rendered":"EKUA0068 Tuntematon Matkalaukku"},"content":{"rendered":"Ruskea, iso. Melko hyv\u00e4ss\u00e4 kunnossa.","protected":false},"excerpt":{"rendered":"<p>Ruskea, iso. Melko hyv\u00e4ss\u00e4 kunnossa.<\/p>","protected":false},"featured_media":0,"template":"","meta":[],"_links":{"self":[{"href":"https:\/\/www.radiomarket.fi\/en\/wp-json\/wp\/v2\/product\/19559"}],"collection":[{"href":"https:\/\/www.radiomarket.fi\/en\/wp-json\/wp\/v2\/product"}],"about":[{"href":"https:\/\/www.radiomarket.fi\/en\/wp-json\/wp\/v2\/types\/product"}],"wp:attachment":[{"href":"https:\/\/www.radiomarket.fi\/en\/wp-json\/wp\/v2\/media?parent=19559"}],"curies":[{"name":"wp","href":"https:\/\/api.w.org\/{rel}","templated":true}]}}