{"id":19566,"date":"2020-10-05T11:07:54","date_gmt":"2020-10-05T08:07:54","guid":{"rendered":"https:\/\/www.radiomarket.fi\/tuote\/ekua0032x-philips-el8111-00-8990-281-11009\/"},"modified":"2020-10-05T11:07:54","modified_gmt":"2020-10-05T08:07:54","slug":"ekua0032x-philips-el8111-00-8990-281-11009","status":"publish","type":"product","link":"https:\/\/www.radiomarket.fi\/en\/kohde\/ekua0032x-philips-el8111-00-8990-281-11009\/","title":{"rendered":"EKUA0032x Philips EL8111\/00.8990 281 11009"},"content":{"rendered":"Harmaa, ei koteloa, etuosa muovia, pohja metallia. Etupaneelissa n\u00e4yt\u00f6n s\u00e4\u00e4timet, logo alhaalla oikealla, vieress\u00e4 virtakytkin ja punainen lamppu, pohjassa noin 3 cm:n jalat. Melko hyv\u00e4kuntoinen. 110V 0,85 PF 50W 50-60Hz","protected":false},"excerpt":{"rendered":"<p>Harmaa, ei koteloa, etuosa muovia, pohja metallia. Etupaneelissa n\u00e4yt\u00f6n s\u00e4\u00e4timet, logo alhaalla oikealla, vieress\u00e4 virtakytkin ja punainen lamppu, pohjassa noin 3 cm:n jalat. Melko hyv\u00e4kuntoinen. 110V 0,85 PF 50W 50-60Hz<\/p>","protected":false},"featured_media":0,"template":"","meta":[],"_links":{"self":[{"href":"https:\/\/www.radiomarket.fi\/en\/wp-json\/wp\/v2\/product\/19566"}],"collection":[{"href":"https:\/\/www.radiomarket.fi\/en\/wp-json\/wp\/v2\/product"}],"about":[{"href":"https:\/\/www.radiomarket.fi\/en\/wp-json\/wp\/v2\/types\/product"}],"wp:attachment":[{"href":"https:\/\/www.radiomarket.fi\/en\/wp-json\/wp\/v2\/media?parent=19566"}],"curies":[{"name":"wp","href":"https:\/\/api.w.org\/{rel}","templated":true}]}}