{"id":19569,"date":"2023-12-12T11:07:55","date_gmt":"2023-12-12T09:07:55","guid":{"rendered":"https:\/\/www.radiomarket.fi\/tuote\/ekua0019-tuntematon-varaosalaukku\/"},"modified":"2023-12-12T19:20:24","modified_gmt":"2023-12-12T17:20:24","slug":"ekua0019-tuntematon-varaosalaukku","status":"publish","type":"product","link":"https:\/\/www.radiomarket.fi\/en\/kohde\/ekua0019-tuntematon-varaosalaukku\/","title":{"rendered":"EKUA0019 CCCP radion tarvikelaukku? (EKUM)"},"content":{"rendered":"<p>Ruskea laukku, keinonahkaa, puunapit. kolmilokeroinen pussukka. Lenkit vy\u00f6kiinnitykselle. Hyv\u00e4kuntoinen, sis\u00e4ll\u00e4 ven\u00e4l\u00e4inen alumiinikuorinen radioputki mik\u00e4 sis\u00e4ltyy hintaan.<\/p>","protected":false},"excerpt":{"rendered":"<p>Ruskea laukku, keinonahkaa, puunapit. kolmilokeroinen pussukka. Lenkit vy\u00f6kiinnitykselle. Hyv\u00e4kuntoinen, sis\u00e4ll\u00e4 ven\u00e4l\u00e4inen alumiinikuorinen radioputki mik\u00e4 sis\u00e4ltyy hintaan.<\/p>","protected":false},"featured_media":43918,"template":"","meta":[],"_links":{"self":[{"href":"https:\/\/www.radiomarket.fi\/en\/wp-json\/wp\/v2\/product\/19569"}],"collection":[{"href":"https:\/\/www.radiomarket.fi\/en\/wp-json\/wp\/v2\/product"}],"about":[{"href":"https:\/\/www.radiomarket.fi\/en\/wp-json\/wp\/v2\/types\/product"}],"wp:featuredmedia":[{"embeddable":true,"href":"https:\/\/www.radiomarket.fi\/en\/wp-json\/wp\/v2\/media\/43918"}],"wp:attachment":[{"href":"https:\/\/www.radiomarket.fi\/en\/wp-json\/wp\/v2\/media?parent=19569"}],"curies":[{"name":"wp","href":"https:\/\/api.w.org\/{rel}","templated":true}]}}