{"id":19570,"date":"2020-10-05T11:07:55","date_gmt":"2020-10-05T08:07:55","guid":{"rendered":"https:\/\/www.radiomarket.fi\/tuote\/ekua0017-philips-90rl250-40\/"},"modified":"2020-10-05T11:07:55","modified_gmt":"2020-10-05T08:07:55","slug":"ekua0017-philips-90rl250-40","status":"publish","type":"product","link":"https:\/\/www.radiomarket.fi\/en\/kohde\/ekua0017-philips-90rl250-40\/","title":{"rendered":"EKUA0017 Philips 90RL250\/40"},"content":{"rendered":"K\u00e4yt\u00f6n j\u00e4ljet, muuten hyv\u00e4.","protected":false},"excerpt":{"rendered":"<p>K\u00e4yt\u00f6n j\u00e4ljet, muuten hyv\u00e4.<\/p>","protected":false},"featured_media":0,"template":"","meta":[],"_links":{"self":[{"href":"https:\/\/www.radiomarket.fi\/en\/wp-json\/wp\/v2\/product\/19570"}],"collection":[{"href":"https:\/\/www.radiomarket.fi\/en\/wp-json\/wp\/v2\/product"}],"about":[{"href":"https:\/\/www.radiomarket.fi\/en\/wp-json\/wp\/v2\/types\/product"}],"wp:attachment":[{"href":"https:\/\/www.radiomarket.fi\/en\/wp-json\/wp\/v2\/media?parent=19570"}],"curies":[{"name":"wp","href":"https:\/\/api.w.org\/{rel}","templated":true}]}}