{"id":19630,"date":"2024-04-18T11:08:15","date_gmt":"2024-04-18T08:08:15","guid":{"rendered":"https:\/\/www.radiomarket.fi\/tuote\/putki-uy82\/"},"modified":"2024-04-18T16:51:54","modified_gmt":"2024-04-18T13:51:54","slug":"uy82-putki","status":"publish","type":"product","link":"https:\/\/www.radiomarket.fi\/en\/kohde\/uy82-putki\/","title":{"rendered":"UY82 elektroniputki (EKUS)"},"content":{"rendered":"<p>Valmistaja voi vaihdella, sek\u00e4 uusia ett\u00e4 k\u00e4ytettyj\u00e4. Hinta vaihtelee kunnon mukaan. SRHS:n j\u00e4senille saatavilla erisuuruisia alennuksia, ilmoita j\u00e4senyydest\u00e4si tilauksen yhteydess\u00e4.<\/p><p>Saldossa olevat putket uudenoloisia. Lis\u00e4ksi voi olla saatavilla k\u00e4ytetty\u00e4 putkea.<\/p>","protected":false},"excerpt":{"rendered":"<p>Valmistaja voi vaihdella, sek\u00e4 uusia ett\u00e4 k\u00e4ytettyj\u00e4. Hinta vaihtelee kunnon mukaan. SRHS:n j\u00e4senille saatavilla erisuuruisia alennuksia, ilmoita j\u00e4senyydest\u00e4si tilauksen yhteydess\u00e4.Saldossa olevat putket uudenoloisia. Lis\u00e4ksi voi olla saatavilla k\u00e4ytetty\u00e4 putkea.<\/p>","protected":false},"featured_media":17169,"template":"","meta":[],"_links":{"self":[{"href":"https:\/\/www.radiomarket.fi\/en\/wp-json\/wp\/v2\/product\/19630"}],"collection":[{"href":"https:\/\/www.radiomarket.fi\/en\/wp-json\/wp\/v2\/product"}],"about":[{"href":"https:\/\/www.radiomarket.fi\/en\/wp-json\/wp\/v2\/types\/product"}],"wp:featuredmedia":[{"embeddable":true,"href":"https:\/\/www.radiomarket.fi\/en\/wp-json\/wp\/v2\/media\/17169"}],"wp:attachment":[{"href":"https:\/\/www.radiomarket.fi\/en\/wp-json\/wp\/v2\/media?parent=19630"}],"curies":[{"name":"wp","href":"https:\/\/api.w.org\/{rel}","templated":true}]}}