{"id":19640,"date":"2025-09-18T15:18:18","date_gmt":"2025-09-18T12:18:18","guid":{"rendered":"https:\/\/www.radiomarket.fi\/tuote\/putki-ul41\/"},"modified":"2026-02-27T12:13:07","modified_gmt":"2026-02-27T10:13:07","slug":"ul41-putki","status":"publish","type":"product","link":"https:\/\/www.radiomarket.fi\/en\/kohde\/ul41-putki\/","title":{"rendered":"Radioputki UL41 Siemens (EKUS)"},"content":{"rendered":"<p>Hinta ja varastosaldo uudelle putkelle. Sen lis\u00e4ksi voi l\u00f6yty\u00e4 k\u00e4ytetty\u00e4, toimivaksi testattua, joiden valmistaja voi vaihdella. Hinta k\u00e4ytetyn tapauksessa kunnon mukaan. SRHS:n j\u00e4senille saatavilla erisuuruisia alennuksia, ilmoita j\u00e4senyydest\u00e4si tilauksen yhteydess\u00e4.<br \/><br \/><br \/><br \/><br \/><\/p>","protected":false},"excerpt":{"rendered":"<p>Hinta ja varastosaldo uudelle putkelle. Kirjetoimitusluokan tuotteita samaan tilaukseen yhdistett\u00e4ess\u00e4 lis\u00e4tuotteet nostavat perustoimituskulua vain joitakin kymmeni\u00e4 senttej\u00e4 (1\/2025 postin hinnoittelun mukaan).<\/p>","protected":false},"featured_media":17169,"template":"","meta":[],"_links":{"self":[{"href":"https:\/\/www.radiomarket.fi\/en\/wp-json\/wp\/v2\/product\/19640"}],"collection":[{"href":"https:\/\/www.radiomarket.fi\/en\/wp-json\/wp\/v2\/product"}],"about":[{"href":"https:\/\/www.radiomarket.fi\/en\/wp-json\/wp\/v2\/types\/product"}],"wp:featuredmedia":[{"embeddable":true,"href":"https:\/\/www.radiomarket.fi\/en\/wp-json\/wp\/v2\/media\/17169"}],"wp:attachment":[{"href":"https:\/\/www.radiomarket.fi\/en\/wp-json\/wp\/v2\/media?parent=19640"}],"curies":[{"name":"wp","href":"https:\/\/api.w.org\/{rel}","templated":true}]}}