{"id":19817,"date":"2025-01-27T11:09:20","date_gmt":"2025-01-27T09:09:20","guid":{"rendered":"https:\/\/www.radiomarket.fi\/tuote\/putki-pcc88\/"},"modified":"2025-01-28T12:15:13","modified_gmt":"2025-01-28T10:15:13","slug":"pcc88-putki","status":"publish","type":"product","link":"https:\/\/www.radiomarket.fi\/en\/kohde\/pcc88-putki\/","title":{"rendered":"PCC88 Philips elektroniputki (EKUS)"},"content":{"rendered":"<p>Uraltonen mukaan &#8220;PCC88 putket ovat l\u00e4hes aina yhteensopivia suoraan ECC88 \/ 6922 \/ 6DJ8 -putkien kanssa. hehkuj\u00e4nnite on hiukan suurempi, mutta t\u00e4m\u00e4 ei normaalisti vaikuta mitenk\u00e4\u00e4n soundiin, p\u00e4in vastoin PCC88 putkien k\u00e4ytt\u00f6ik\u00e4 ECC88 kytkenn\u00f6iss\u00e4 on usein normaalia pidempi. NOS ECC88 \/ E88CC putkien hintojen nousun vuoksi PCC88:lla saa rahoilleen enemm\u00e4n vastinetta.&#8221; (L\u00e4hde: https:\/\/uraltone.com\/putket\/6922-ecc88.html 20250121)<\/p><p>&nbsp;<\/p><p>SRHS:n j\u00e4senille saatavilla erisuuruisia alennuksia, ilmoita j\u00e4senyydest\u00e4si tilauksen yhteydess\u00e4.<\/p>","protected":false},"excerpt":{"rendered":"<p>Kirjetoimitusluokan tuotteita samaan tilaukseen yhdistett\u00e4ess\u00e4 lis\u00e4tuotteet nostavat perustoimituskulua vain joitakin kymmeni\u00e4 senttej\u00e4 (1\/2025 postin hinnoittelun mukaan).<\/p>","protected":false},"featured_media":17169,"template":"","meta":[],"_links":{"self":[{"href":"https:\/\/www.radiomarket.fi\/en\/wp-json\/wp\/v2\/product\/19817"}],"collection":[{"href":"https:\/\/www.radiomarket.fi\/en\/wp-json\/wp\/v2\/product"}],"about":[{"href":"https:\/\/www.radiomarket.fi\/en\/wp-json\/wp\/v2\/types\/product"}],"wp:featuredmedia":[{"embeddable":true,"href":"https:\/\/www.radiomarket.fi\/en\/wp-json\/wp\/v2\/media\/17169"}],"wp:attachment":[{"href":"https:\/\/www.radiomarket.fi\/en\/wp-json\/wp\/v2\/media?parent=19817"}],"curies":[{"name":"wp","href":"https:\/\/api.w.org\/{rel}","templated":true}]}}