{"id":19925,"date":"2025-10-07T11:09:58","date_gmt":"2025-10-07T08:09:58","guid":{"rendered":"https:\/\/www.radiomarket.fi\/tuote\/putki-ez81\/"},"modified":"2025-10-07T12:19:57","modified_gmt":"2025-10-07T09:19:57","slug":"ez81-putki","status":"publish","type":"product","link":"https:\/\/www.radiomarket.fi\/en\/kohde\/ez81-putki\/","title":{"rendered":"EZ81 elektroniputki (EKUS)"},"content":{"rendered":"<p>Manufacturer can vary, both new and used. Tested working, price varies by condition. Different discounts available for SRHS members, please indicate your membership when ordering.<br \/><br \/><strong>Saatavuus (p\u00e4ivitetty 20251007)<\/strong><br \/><br \/><span style=\"font-family: Arial\">Miniwatt NOS? original box \/ alkuper\u00e4ispaketissaan<br \/>Philips 100% <strong>MYYTY<\/strong><br \/>Telefunken good\/hyv\u00e4<br \/>Tesla not in box, not tested ei testattu\u00a0<\/span> (looks good\/silm\u00e4\u00e4n hyv\u00e4) <strong>MYYTY<\/strong><span style=\"font-family: Arial\"><br \/>Sonotron NOS? not in box tested ei testattu (looks new\/n\u00e4ytt\u00e4\u00e4 uudelta)<br \/><\/span>BEL Made in India oletettavasti toimiva 1 kpl<br \/><br \/>Saatavuus voi olla muuttunut annetun p\u00e4iv\u00e4m\u00e4\u00e4r\u00e4n j\u00e4lkeen, putkia myyd\u00e4\u00e4n kivijalkaliikkeest\u00e4 jatkuvasti ja testattuja putkia lis\u00e4t\u00e4\u00e4n hyllyyn.<br \/><br \/>Putkihinnoittelun perusteet ja hinnanmuodostus listahinnasta k\u00e4ytettyjen putkien tullessa kyseeseen l\u00f6ytyy sivuiltamme: https:\/\/radiomuseo.wordpress.com\/varaosa-ja-dokumenttipalvelu\/<\/p>","protected":false},"excerpt":{"rendered":"<p>Valmistaja voi vaihdella, sek\u00e4 uusia ett\u00e4 k\u00e4ytettyj\u00e4. Toimivaksi testattu, hinta vaihtelee kunnon mukaan. SRHS:n j\u00e4senille saatavilla erisuuruisia alennuksia, ilmoita j\u00e4senyydest\u00e4si tilauksen yhteydess\u00e4.Saatavuus (p\u00e4ivitetty 20251007)Miniwatt NOS? original box \/ alkuper\u00e4ispaketissaanPhilips 100% MYYTYTelefunken good\/hyv\u00e4Tesla not in box, not tested ei testattu\u00a0 (looks good\/silm\u00e4\u00e4n hyv\u00e4) MYYTYSonotron NOS? not in box tested ei testattu (looks new\/n\u00e4ytt\u00e4\u00e4 uudelta)BEL Made in &hellip;<\/p>\n<p class=\"read-more\"> <a class=\"thunk-readmore button\" href=\"https:\/\/www.radiomarket.fi\/en\/kohde\/ez81-putki\/\"> <span class=\"screen-reader-text\">EZ81 elektroniputki (EKUS)<\/span>Read More<\/a><\/p>","protected":false},"featured_media":17169,"template":"","meta":[],"_links":{"self":[{"href":"https:\/\/www.radiomarket.fi\/en\/wp-json\/wp\/v2\/product\/19925"}],"collection":[{"href":"https:\/\/www.radiomarket.fi\/en\/wp-json\/wp\/v2\/product"}],"about":[{"href":"https:\/\/www.radiomarket.fi\/en\/wp-json\/wp\/v2\/types\/product"}],"wp:featuredmedia":[{"embeddable":true,"href":"https:\/\/www.radiomarket.fi\/en\/wp-json\/wp\/v2\/media\/17169"}],"wp:attachment":[{"href":"https:\/\/www.radiomarket.fi\/en\/wp-json\/wp\/v2\/media?parent=19925"}],"curies":[{"name":"wp","href":"https:\/\/api.w.org\/{rel}","templated":true}]}}