{"id":19959,"date":"2024-01-12T21:10:12","date_gmt":"2024-01-12T19:10:12","guid":{"rendered":"https:\/\/www.radiomarket.fi\/tuote\/putki-el90\/"},"modified":"2024-01-12T21:17:04","modified_gmt":"2024-01-12T19:17:04","slug":"el90-putki","status":"publish","type":"product","link":"https:\/\/www.radiomarket.fi\/en\/kohde\/el90-putki\/","title":{"rendered":"EL90 elektroniputki (EKUS)"},"content":{"rendered":"<p><br \/>Vastaava putki kuin 6V6, mutta eri kantakytkenn\u00e4ll\u00e4. Putkea on saatavilla (varastotilanne 20240112)<br \/><br \/>Manufacturer can vary, both new and used. Tested working, price varies by condition. Different discounts available for SRHS members, please indicate your membership when ordering.<\/p>","protected":false},"excerpt":{"rendered":"<p>Vastaava putki kuin 6V6, mutta eri kantakytkenn\u00e4ll\u00e4. Putkea on saatavilla (varastotilanne 20240112)Valmistaja voi vaihdella, sek\u00e4 uusia ett\u00e4 k\u00e4ytettyj\u00e4. Toimivaksi testattu, hinta vaihtelee kunnon mukaan. SRHS:n j\u00e4senille saatavilla erisuuruisia alennuksia, ilmoita j\u00e4senyydest\u00e4si tilauksen yhteydess\u00e4.<\/p>","protected":false},"featured_media":17169,"template":"","meta":[],"_links":{"self":[{"href":"https:\/\/www.radiomarket.fi\/en\/wp-json\/wp\/v2\/product\/19959"}],"collection":[{"href":"https:\/\/www.radiomarket.fi\/en\/wp-json\/wp\/v2\/product"}],"about":[{"href":"https:\/\/www.radiomarket.fi\/en\/wp-json\/wp\/v2\/types\/product"}],"wp:featuredmedia":[{"embeddable":true,"href":"https:\/\/www.radiomarket.fi\/en\/wp-json\/wp\/v2\/media\/17169"}],"wp:attachment":[{"href":"https:\/\/www.radiomarket.fi\/en\/wp-json\/wp\/v2\/media?parent=19959"}],"curies":[{"name":"wp","href":"https:\/\/api.w.org\/{rel}","templated":true}]}}