{"id":20001,"date":"2024-08-13T11:10:25","date_gmt":"2024-08-13T08:10:25","guid":{"rendered":"https:\/\/www.radiomarket.fi\/tuote\/putki-ef85\/"},"modified":"2024-08-14T10:29:19","modified_gmt":"2024-08-14T07:29:19","slug":"ef85-putki","status":"publish","type":"product","link":"https:\/\/www.radiomarket.fi\/en\/kohde\/ef85-putki\/","title":{"rendered":"EF85 Putki"},"content":{"rendered":"<p>Manufacturer can vary, both new and used. Tested working, price varies by condition. Different discounts available for SRHS members, please indicate your membership when ordering. <br \/><br \/>Lis\u00e4\u00e4 eri valmistajien putkia EF85 l\u00f6ytyy haulla &#8220;EF85&#8221;.<\/p>","protected":false},"excerpt":{"rendered":"<p>Valmistaja voi vaihdella, sek\u00e4 uusia ett\u00e4 k\u00e4ytettyj\u00e4. Toimivaksi testattu, hinta vaihtelee kunnon mukaan. SRHS:n j\u00e4senille saatavilla erisuuruisia alennuksia, ilmoita j\u00e4senyydest\u00e4si tilauksen yhteydess\u00e4. Lis\u00e4\u00e4 eri valmistajien putkia EF85 l\u00f6ytyy haulla &#8220;EF85&#8221;.<\/p>","protected":false},"featured_media":17169,"template":"","meta":[],"_links":{"self":[{"href":"https:\/\/www.radiomarket.fi\/en\/wp-json\/wp\/v2\/product\/20001"}],"collection":[{"href":"https:\/\/www.radiomarket.fi\/en\/wp-json\/wp\/v2\/product"}],"about":[{"href":"https:\/\/www.radiomarket.fi\/en\/wp-json\/wp\/v2\/types\/product"}],"wp:featuredmedia":[{"embeddable":true,"href":"https:\/\/www.radiomarket.fi\/en\/wp-json\/wp\/v2\/media\/17169"}],"wp:attachment":[{"href":"https:\/\/www.radiomarket.fi\/en\/wp-json\/wp\/v2\/media?parent=20001"}],"curies":[{"name":"wp","href":"https:\/\/api.w.org\/{rel}","templated":true}]}}