{"id":20030,"date":"2026-01-21T05:10:36","date_gmt":"2026-01-21T03:10:36","guid":{"rendered":"https:\/\/www.radiomarket.fi\/tuote\/putki-ecl86\/"},"modified":"2026-01-21T16:35:03","modified_gmt":"2026-01-21T14:35:03","slug":"ecl86-putki","status":"publish","type":"product","link":"https:\/\/www.radiomarket.fi\/en\/kohde\/ecl86-putki\/","title":{"rendered":"ECL86 radioputki (6GW8) (EKUS)"},"content":{"rendered":"<p>Manufacturer can vary, both new and used. Tested working, price varies by condition. Different discounts available for SRHS members, please indicate your membership when ordering.<br \/><br \/><\/p><p><strong>Saatavuus (p\u00e4ivitetty 20260121)<\/strong><br \/><br \/>1 kpl Telefunken saman merkin rasiassa, ei tietoa onko rasia alkuper\u00e4inen, alkuper\u00e4inen merkint\u00e4 kulunut pois ja tehty tussimerkint\u00e4<br \/>1 kpl Trigon saman merkin rasiassa, ei tietoa onko rasia alkuper\u00e4inen, kansi puuttuu ja tehty lyijykyn\u00e4merkint\u00e4<br \/>1 kpl raja<br \/>1 kpl test heikko\/hyv\u00e4<br \/>1 kpl test raja\/hyv\u00e4<br \/>1 kpl Miniwatt 100% <strong>MYYTY<\/strong><br \/>1 kpl Sator 100- <strong>MYYTY<\/strong><br \/><br \/>Saatavuus voi olla muuttunut annetun p\u00e4iv\u00e4m\u00e4\u00e4r\u00e4n j\u00e4lkeen, putkia myyd\u00e4\u00e4n kivijalkaliikkeest\u00e4 jatkuvasti ja testattuja putkia lis\u00e4t\u00e4\u00e4n hyllyyn.<\/p><p>Putkihinnoittelun perusteet ja hinnanmuodostus listahinnasta k\u00e4ytettyjen putkien tullessa kyseeseen l\u00f6ytyy sivuiltamme: https:\/\/radiomuseo.wordpress.com\/varaosa-ja-dokumenttipalvelu\/<\/p>","protected":false},"excerpt":{"rendered":"<p>Valmistaja voi vaihdella, sek\u00e4 uusia ett\u00e4 k\u00e4ytettyj\u00e4. Toimivaksi testattu, hinta vaihtelee kunnon mukaan. SRHS:n j\u00e4senille saatavilla erisuuruisia alennuksia, ilmoita j\u00e4senyydest\u00e4si tilauksen yhteydess\u00e4.Saatavuus (p\u00e4ivitetty 20260121)1 kpl Telefunken saman merkin rasiassa, ei tietoa onko rasia alkuper\u00e4inen, alkuper\u00e4inen merkint\u00e4 kulunut pois ja tehty tussimerkint\u00e41 kpl Trigon saman merkin rasiassa, ei tietoa onko rasia alkuper\u00e4inen, kansi puuttuu ja tehty &hellip;<\/p>\n<p class=\"read-more\"> <a class=\"thunk-readmore button\" href=\"https:\/\/www.radiomarket.fi\/en\/kohde\/ecl86-putki\/\"> <span class=\"screen-reader-text\">ECL86 radioputki (6GW8) (EKUS)<\/span>Read More<\/a><\/p>","protected":false},"featured_media":17169,"template":"","meta":[],"_links":{"self":[{"href":"https:\/\/www.radiomarket.fi\/en\/wp-json\/wp\/v2\/product\/20030"}],"collection":[{"href":"https:\/\/www.radiomarket.fi\/en\/wp-json\/wp\/v2\/product"}],"about":[{"href":"https:\/\/www.radiomarket.fi\/en\/wp-json\/wp\/v2\/types\/product"}],"wp:featuredmedia":[{"embeddable":true,"href":"https:\/\/www.radiomarket.fi\/en\/wp-json\/wp\/v2\/media\/17169"}],"wp:attachment":[{"href":"https:\/\/www.radiomarket.fi\/en\/wp-json\/wp\/v2\/media?parent=20030"}],"curies":[{"name":"wp","href":"https:\/\/api.w.org\/{rel}","templated":true}]}}