{"id":20033,"date":"2026-01-21T11:10:37","date_gmt":"2026-01-21T09:10:37","guid":{"rendered":"https:\/\/www.radiomarket.fi\/tuote\/putki-ecl82\/"},"modified":"2026-01-21T16:32:21","modified_gmt":"2026-01-21T14:32:21","slug":"ecl82-putki","status":"publish","type":"product","link":"https:\/\/www.radiomarket.fi\/en\/kohde\/ecl82-putki\/","title":{"rendered":"ECL82 elektroniputki (6BM8) (EKUS)"},"content":{"rendered":"<p>Manufacturer can vary, both new and used. Tested working, price varies by condition. Different discounts available for SRHS members, please indicate your membership when ordering.<br \/><br \/><strong>Saatavuus (p\u00e4ivitetty 20260121)<\/strong><br \/><br \/>Telefunken 3 pcs in original box opened, muovit auki<br \/>Telefunken 1 kpl alkuper\u00e4isess\u00e4 rasiassa, testattu hyv\u00e4, muovit auki<br \/>Telefunken 2 kpl alkuper\u00e4isess\u00e4 rasiassaan, ei muoveja, toiseen kirjattu mustekyn\u00e4merkint\u00f6j\u00e4 joten luultavasti k\u00e4ytetty<br \/>additional 2 pcs tested 100%\u00a0 <strong>MYYTY<\/strong><br \/>Philips used untested<br \/>Philips Miniwatt 1 pc E low, L limit<br \/>Philips Miniwatt 1pc tested ylivirtaa,\u00a0<br \/>Teonex 1 pc new <strong>MYYTY<\/strong><br \/>Siemens 1 pc in original box, new?<br \/>Siemens hyv\u00e4\u00a0<br \/>Siemens hyv\u00e4\/heikko<br \/>Siemens(?) paperik\u00e4\u00e4reess\u00e4 testattu ylivirtaa<br \/>Telefunken 100\/hyv\u00e4<br \/>Telefunken hyv\u00e4 6-10 paperik\u00e4\u00e4reess\u00e4<br \/>Telefunken ei testattu, Telefunkenin rasiassa, mutta ei alkuper\u00e4isess\u00e4 paketissaan<br \/>Tungsram 100%<br \/>Philips Miniwatt k\u00e4ytetty ei testattu<br \/>Philips Miniwatt k\u00e4ytetty ei testattu Telefunkenin rasiassa<br \/>Philips ei testattu paketissaan, kansi puuttuu, voi olla alkuper\u00e4inen pakkaus<br \/>Trigon, paketissaan, NOS?<br \/>Philips hyv\u00e4 paperik\u00e4\u00e4reess\u00e4 6kpl<br \/>Philips 100% Siemensin rasiassa<br \/>Philips 100% paperik\u00e4\u00e4reess\u00e4<br \/>Miniwatt hyv\u00e4 paperik\u00e4\u00e4reess\u00e4 1 kpl<br \/>Philips Miniwatt hyv\u00e4 paperik\u00e4\u00e4reess\u00e4 2 kpl<br \/>Philips Miniwatt raja paperik\u00e4\u00e4reess\u00e4<br \/>Philips raja paperik\u00e4\u00e4reess\u00e4<br \/>Philips Miniwatt hyv\u00e4 pieni c\/h vika paperik\u00e4\u00e4reess\u00e4<br \/>Philips Miniwatt hyv\u00e4\/100 paperik\u00e4\u00e4reess\u00e4<br \/>Philips Miniwatt hyv\u00e4\/hyv\u00e4 paperik\u00e4\u00e4reess\u00e4 3 kpl<br \/>Telam hyv\u00e4 paperik\u00e4\u00e4reess\u00e4<br \/>Tesla hyv\u00e4 paperik\u00e4\u00e4reess\u00e4<br \/>Ei merkki\u00e4 luettavissa hyv\u00e4 paperik\u00e4\u00e4reess\u00e4<br \/>Philips hyv\u00e4 ei k\u00e4\u00e4rett\u00e4<br \/><br \/><br \/>Saatavuus voi olla muuttunut annetun p\u00e4iv\u00e4m\u00e4\u00e4r\u00e4n j\u00e4lkeen, putkia myyd\u00e4\u00e4n kivijalkaliikkeest\u00e4 jatkuvasti ja testattuja putkia lis\u00e4t\u00e4\u00e4n hyllyyn.<br \/><br \/>Putkihinnoittelun perusteet ja hinnanmuodostus listahinnasta k\u00e4ytettyjen putkien tullessa kyseeseen l\u00f6ytyy sivuiltamme: https:\/\/radiomuseo.wordpress.com\/varaosa-ja-dokumenttipalvelu\/<\/p>","protected":false},"excerpt":{"rendered":"<p>Valmistaja voi vaihdella, sek\u00e4 uusia ett\u00e4 k\u00e4ytettyj\u00e4. Toimivaksi testattu, hinta vaihtelee kunnon mukaan. SRHS:n j\u00e4senille saatavilla erisuuruisia alennuksia, ilmoita j\u00e4senyydest\u00e4si tilauksen yhteydess\u00e4.Saatavuus (p\u00e4ivitetty 20260121)Telefunken 3 pcs in original box opened, muovit aukiTelefunken 1 kpl alkuper\u00e4isess\u00e4 rasiassa, testattu hyv\u00e4, muovit aukiTelefunken 2 kpl alkuper\u00e4isess\u00e4 rasiassaan, ei muoveja, toiseen kirjattu mustekyn\u00e4merkint\u00f6j\u00e4 joten luultavasti k\u00e4ytettyadditional 2 pcs tested &hellip;<\/p>\n<p class=\"read-more\"> <a class=\"thunk-readmore button\" href=\"https:\/\/www.radiomarket.fi\/en\/kohde\/ecl82-putki\/\"> <span class=\"screen-reader-text\">ECL82 elektroniputki (6BM8) (EKUS)<\/span>Read More<\/a><\/p>","protected":false},"featured_media":17169,"template":"","meta":[],"_links":{"self":[{"href":"https:\/\/www.radiomarket.fi\/en\/wp-json\/wp\/v2\/product\/20033"}],"collection":[{"href":"https:\/\/www.radiomarket.fi\/en\/wp-json\/wp\/v2\/product"}],"about":[{"href":"https:\/\/www.radiomarket.fi\/en\/wp-json\/wp\/v2\/types\/product"}],"wp:featuredmedia":[{"embeddable":true,"href":"https:\/\/www.radiomarket.fi\/en\/wp-json\/wp\/v2\/media\/17169"}],"wp:attachment":[{"href":"https:\/\/www.radiomarket.fi\/en\/wp-json\/wp\/v2\/media?parent=20033"}],"curies":[{"name":"wp","href":"https:\/\/api.w.org\/{rel}","templated":true}]}}