{"id":20059,"date":"2023-08-04T12:30:45","date_gmt":"2023-08-04T09:30:45","guid":{"rendered":"https:\/\/www.radiomarket.fi\/tuote\/putki-ecc89\/"},"modified":"2023-08-04T12:35:15","modified_gmt":"2023-08-04T09:35:15","slug":"ecc89-putki","status":"publish","type":"product","link":"https:\/\/www.radiomarket.fi\/en\/kohde\/ecc89-putki\/","title":{"rendered":"Radioputki ECC89 Philips (EKUS)"},"content":{"rendered":"<p>Varastosaldon verran uusia. Lis\u00e4ksi saatavilla k\u00e4ytetty\u00e4 putkea.<br \/><br \/>Manufacturer can vary, both new and used. Tested working, price varies by condition. Different discounts available for SRHS members, please indicate your membership when ordering.<\/p>","protected":false},"excerpt":{"rendered":"<p>Varastosaldon verran uusia. Lis\u00e4ksi saatavilla k\u00e4ytetty\u00e4 putkea.Valmistaja voi vaihdella, sek\u00e4 uusia ett\u00e4 k\u00e4ytettyj\u00e4. Toimivaksi testattu, hinta vaihtelee kunnon mukaan. SRHS:n j\u00e4senille saatavilla erisuuruisia alennuksia, ilmoita j\u00e4senyydest\u00e4si tilauksen yhteydess\u00e4.<\/p>","protected":false},"featured_media":17169,"template":"","meta":[],"_links":{"self":[{"href":"https:\/\/www.radiomarket.fi\/en\/wp-json\/wp\/v2\/product\/20059"}],"collection":[{"href":"https:\/\/www.radiomarket.fi\/en\/wp-json\/wp\/v2\/product"}],"about":[{"href":"https:\/\/www.radiomarket.fi\/en\/wp-json\/wp\/v2\/types\/product"}],"wp:featuredmedia":[{"embeddable":true,"href":"https:\/\/www.radiomarket.fi\/en\/wp-json\/wp\/v2\/media\/17169"}],"wp:attachment":[{"href":"https:\/\/www.radiomarket.fi\/en\/wp-json\/wp\/v2\/media?parent=20059"}],"curies":[{"name":"wp","href":"https:\/\/api.w.org\/{rel}","templated":true}]}}