{"id":20060,"date":"2025-11-21T11:10:45","date_gmt":"2025-11-21T09:10:45","guid":{"rendered":"https:\/\/www.radiomarket.fi\/tuote\/putki-ecc88\/"},"modified":"2025-11-21T12:49:12","modified_gmt":"2025-11-21T10:49:12","slug":"ecc88-putki","status":"publish","type":"product","link":"https:\/\/www.radiomarket.fi\/en\/kohde\/ecc88-putki\/","title":{"rendered":"ECC88 putki (EKUS)"},"content":{"rendered":"<p>Manufacturer can vary, both new and used. Tested working, price varies by condition. Different discounts available for SRHS members, please indicate your membership when ordering.<br \/><br \/><strong>Saatavuus (p\u00e4ivitetty 20240220\/20251121)<\/strong><br \/><br \/>ECC88 Philips\/Miniwatt testattu hyv\u00e4 7 kpl<br \/>ECC88 Philips testattu 100% 1 kpl <strong>MYYTY<\/strong><br \/>ECC88 Philips testattu 1kpl hyv\u00e4 ja 1 kpl hyv\u00e4-<br \/>ECC88 Philips uudenoloinen 1 kpl<br \/>ECC88 Mullard k\u00e4ytetty hyv\u00e4ksi testattu 1 kpl <strong>MYYTY<\/strong><br \/>ECC88 Telefunken hyv\u00e4 1 kpl<br \/>ECC88 Siemens hyv\u00e4, alkuper\u00e4isess\u00e4 paketissaan 1 kpl<br \/>ECC88 Brimar hyv\u00e4 1 kpl<br \/><br \/>Saatavuus voi olla muuttunut annetun p\u00e4iv\u00e4m\u00e4\u00e4r\u00e4n j\u00e4lkeen, putkia myyd\u00e4\u00e4n kivijalkaliikkeest\u00e4 jatkuvasti ja testattuja putkia lis\u00e4t\u00e4\u00e4n hyllyyn.<br \/><br \/>Putkihinnoittelun perusteet ja hinnanmuodostus listahinnasta k\u00e4ytettyjen putkien tullessa kyseeseen l\u00f6ytyy sivuiltamme: https:\/\/radiomuseo.wordpress.com\/varaosa-ja-dokumenttipalvelu\/<\/p>","protected":false},"excerpt":{"rendered":"<p>Valmistaja voi vaihdella, sek\u00e4 uusia ett\u00e4 k\u00e4ytettyj\u00e4. Toimivaksi testattu, hinta vaihtelee kunnon mukaan. SRHS:n j\u00e4senille saatavilla erisuuruisia alennuksia, ilmoita j\u00e4senyydest\u00e4si tilauksen yhteydess\u00e4.Saatavuus (p\u00e4ivitetty 20240220\/20251121)ECC88 Philips\/Miniwatt testattu hyv\u00e4 7 kplECC88 Philips testattu 100% 1 kpl MYYTYECC88 Philips testattu 1kpl hyv\u00e4 ja 1 kpl hyv\u00e4-ECC88 Philips uudenoloinen 1 kplECC88 Mullard k\u00e4ytetty hyv\u00e4ksi testattu 1 kpl MYYTYECC88 Telefunken &hellip;<\/p>\n<p class=\"read-more\"> <a class=\"thunk-readmore button\" href=\"https:\/\/www.radiomarket.fi\/en\/kohde\/ecc88-putki\/\"> <span class=\"screen-reader-text\">ECC88 putki (EKUS)<\/span>Read More<\/a><\/p>","protected":false},"featured_media":17169,"template":"","meta":[],"_links":{"self":[{"href":"https:\/\/www.radiomarket.fi\/en\/wp-json\/wp\/v2\/product\/20060"}],"collection":[{"href":"https:\/\/www.radiomarket.fi\/en\/wp-json\/wp\/v2\/product"}],"about":[{"href":"https:\/\/www.radiomarket.fi\/en\/wp-json\/wp\/v2\/types\/product"}],"wp:featuredmedia":[{"embeddable":true,"href":"https:\/\/www.radiomarket.fi\/en\/wp-json\/wp\/v2\/media\/17169"}],"wp:attachment":[{"href":"https:\/\/www.radiomarket.fi\/en\/wp-json\/wp\/v2\/media?parent=20060"}],"curies":[{"name":"wp","href":"https:\/\/api.w.org\/{rel}","templated":true}]}}