{"id":20062,"date":"2025-12-01T11:33:46","date_gmt":"2025-12-01T09:33:46","guid":{"rendered":"https:\/\/www.radiomarket.fi\/tuote\/putki-ecc85\/"},"modified":"2026-03-04T11:37:11","modified_gmt":"2026-03-04T09:37:11","slug":"ecc85-putki","status":"publish","type":"product","link":"https:\/\/www.radiomarket.fi\/en\/kohde\/ecc85-putki\/","title":{"rendered":"ECC85 putki (EKUM)"},"content":{"rendered":"<p>Manufacturer can vary, both new and used. Tested working, price varies by condition. Different discounts available for SRHS members, please indicate your membership when ordering.<br \/><br \/><strong>J\u00e4ljell\u00e4 20260304<\/strong><br \/>1 kpl Trigon ei testattu (EKUS)<br \/>1 kpl Telefunken vuotoja, mutta toimii 70% (EKUM?)<br \/>1 kpl Valvo 48\/50 kirjattu pakettiin, itse putkeen 43\/56 S=1,7\/3,4 (5,9) ja tussimerkinn\u00e4t 38\/42 sek\u00e4 50<br \/>1 kpl tuntematon (merkint\u00e4 kulunut), tussimerkint\u00e4 44\/44<br \/>1 kpl Telefunken tussimerkint\u00e4 huono 20?<br \/>1 kpl Telefunken tussimerkint\u00e4 2 (viittaa 20 prosenttiin)<br \/>1 kpl Philips Miniwatt tussimerkint\u00e4 50\/56<br \/>1 kpl Telestar tussimerkint\u00e4 38\/46<br \/>2 kpl Philips Miniwatt tussimerkint\u00e4 30<br \/>1 kpl Philips Miniwatt tussimerkint\u00e4 60 <strong>MYYTY<\/strong><br \/>1 kpl Philips Miniwatt Made in Great Britain tussimerkint\u00e4 X viittaa vialliseen<br \/>1 kpl Telefunken ei testimerkint\u00e4\u00e4<br \/>1 kpl Telefunken testimerkint\u00e4 40<br \/>1 kpl Philips Miniwatt tussimerkint\u00e4 25%<\/p><p>Saatavuus voi olla muuttunut annetun p\u00e4iv\u00e4m\u00e4\u00e4r\u00e4n j\u00e4lkeen, putkia myyd\u00e4\u00e4n kivijalkaliikkeest\u00e4 jatkuvasti ja testattuja putkia lis\u00e4t\u00e4\u00e4n hyllyyn.<br \/><br \/>Alkuper\u00e4isen ECC85 -putken saatavuuden ollessa huono voi korvaavaa putkea yritt\u00e4\u00e4 etsi\u00e4 esimerkiksi seuraavan keskustelun avulla: https:\/\/www.radiohistoria.fi\/cgi-bin\/yabb2\/YaBB.pl?num=1325684527\/all<br \/><br \/>Putkihinnoittelun perusteet ja hinnanmuodostus listahinnasta k\u00e4ytettyjen putkien tullessa kyseeseen l\u00f6ytyy sivuiltamme: https:\/\/radiomuseo.wordpress.com\/varaosa-ja-dokumenttipalvelu\/<\/p>","protected":false},"excerpt":{"rendered":"<p>Valmistaja voi vaihdella, sek\u00e4 uusia ett\u00e4 k\u00e4ytettyj\u00e4. Toimivaksi testattu, hinta vaihtelee kunnon mukaan. SRHS:n j\u00e4senille saatavilla erisuuruisia alennuksia, ilmoita j\u00e4senyydest\u00e4si tilauksen yhteydess\u00e4.J\u00e4ljell\u00e4 202603041 kpl Trigon ei testattu (EKUS)1 kpl Telefunken vuotoja, mutta toimii 70% (EKUM?)1 kpl Valvo 48\/50 kirjattu pakettiin, itse putkeen 43\/56 S=1,7\/3,4 (5,9) ja tussimerkinn\u00e4t 38\/42 sek\u00e4 501 kpl tuntematon (merkint\u00e4 kulunut), tussimerkint\u00e4 &hellip;<\/p>\n<p class=\"read-more\"> <a class=\"thunk-readmore button\" href=\"https:\/\/www.radiomarket.fi\/en\/kohde\/ecc85-putki\/\"> <span class=\"screen-reader-text\">ECC85 putki (EKUM)<\/span>Read More<\/a><\/p>","protected":false},"featured_media":17169,"template":"","meta":[],"_links":{"self":[{"href":"https:\/\/www.radiomarket.fi\/en\/wp-json\/wp\/v2\/product\/20062"}],"collection":[{"href":"https:\/\/www.radiomarket.fi\/en\/wp-json\/wp\/v2\/product"}],"about":[{"href":"https:\/\/www.radiomarket.fi\/en\/wp-json\/wp\/v2\/types\/product"}],"wp:featuredmedia":[{"embeddable":true,"href":"https:\/\/www.radiomarket.fi\/en\/wp-json\/wp\/v2\/media\/17169"}],"wp:attachment":[{"href":"https:\/\/www.radiomarket.fi\/en\/wp-json\/wp\/v2\/media?parent=20062"}],"curies":[{"name":"wp","href":"https:\/\/api.w.org\/{rel}","templated":true}]}}