{"id":20064,"date":"2025-02-20T11:10:47","date_gmt":"2025-02-20T09:10:47","guid":{"rendered":"https:\/\/www.radiomarket.fi\/tuote\/putki-ecc83\/"},"modified":"2025-12-02T12:16:27","modified_gmt":"2025-12-02T10:16:27","slug":"ecc83-putki","status":"publish","type":"product","link":"https:\/\/www.radiomarket.fi\/en\/kohde\/ecc83-putki\/","title":{"rendered":"ECC83\/12AX7 elektroniputki (muu kuin Telefunken) (EKUS)"},"content":{"rendered":"<p>Valmistaja voi vaihdella, sek\u00e4 uusia ett\u00e4 k\u00e4ytettyj\u00e4. Telefunkenin valmistama ECC83 on omana tuotteenaan TUBE0002x. Toimivaksi testattu, hinta vaihtelee kunnon mukaan. SRHS:n j\u00e4senille saatavilla erisuuruisia alennuksia, ilmoita j\u00e4senyydest\u00e4si tilauksen yhteydess\u00e4.<br \/><br \/><strong>Saatavuus (p\u00e4ivitetty 20251202)<\/strong><br \/><br \/>Sator 100% MYYTY!<br \/>Siemens hyv\u00e4\/good MYYTY!<br \/>Sylvania hyv\u00e4\/good\u00a0<br \/>Haltron hyv\u00e4\/good MYYTY!<br \/>Siemens raja<br \/>Brimar 12AX7 tussilla merkitty N OK MYYTY!<br \/>E83CC Brimar test 1.25 1.2 1.6 1.6 MYYTY!<br \/>2 kpl 12AX7 ei testattu<br \/>12AX7\/ECC83 Haltron hyv\u00e4\u00a0<br \/>ECC83 Philips 100% MYYTY!<br \/>12AX7 RCA 100% MYYTY!<br \/>12AX7 RCA hyv\u00e4 MYYTY!<br \/>ECC83 Philips Miniwatt hyv\u00e4 MYYTY!<br \/>12AX7 Triotron uusi\u00a0<br \/>E83CC Siemens ilmeisesti uusi, my\u00f6s testattu 100% MYYTY!<br \/>12AX7 ECC83 Pacotronics Tungsram Austria 100% MYYTY!<br \/>6057 Brimar (=ECC803S) 100% MYYTY!<br \/>ECC83 Philips uudenoloinen paketissaan ei testattu (RAPM)<br \/><br \/>Saatavuus voi olla muuttunut annetun p\u00e4iv\u00e4m\u00e4\u00e4r\u00e4n j\u00e4lkeen, putkia myyd\u00e4\u00e4n kivijalkaliikkeest\u00e4 jatkuvasti ja testattuja putkia lis\u00e4t\u00e4\u00e4n hyllyyn.<br \/><br \/>Putkihinnoittelun perusteet ja hinnanmuodostus listahinnasta k\u00e4ytettyjen putkien tullessa kyseeseen l\u00f6ytyy sivuiltamme: https:\/\/radiomuseo.wordpress.com\/varaosa-ja-dokumenttipalvelu\/<\/p>","protected":false},"excerpt":{"rendered":"<p>Valmistaja voi vaihdella, sek\u00e4 uusia ett\u00e4 k\u00e4ytettyj\u00e4. Telefunkenin valmistama ECC83 on omana tuotteenaan TUBE0002x. Toimivaksi testattu, hinta vaihtelee kunnon mukaan. SRHS:n j\u00e4senille saatavilla erisuuruisia alennuksia, ilmoita j\u00e4senyydest\u00e4si tilauksen yhteydess\u00e4.Saatavuus (p\u00e4ivitetty 20251202)Sator 100% MYYTY!Siemens hyv\u00e4\/good MYYTY!Sylvania hyv\u00e4\/good\u00a0Haltron hyv\u00e4\/good MYYTY!Siemens rajaBrimar 12AX7 tussilla merkitty N OK MYYTY!E83CC Brimar test 1.25 1.2 1.6 1.6 MYYTY!2 kpl 12AX7 ei &hellip;<\/p>\n<p class=\"read-more\"> <a class=\"thunk-readmore button\" href=\"https:\/\/www.radiomarket.fi\/en\/kohde\/ecc83-putki\/\"> <span class=\"screen-reader-text\">ECC83\/12AX7 elektroniputki (muu kuin Telefunken) (EKUS)<\/span>Read More<\/a><\/p>","protected":false},"featured_media":17169,"template":"","meta":[],"_links":{"self":[{"href":"https:\/\/www.radiomarket.fi\/en\/wp-json\/wp\/v2\/product\/20064"}],"collection":[{"href":"https:\/\/www.radiomarket.fi\/en\/wp-json\/wp\/v2\/product"}],"about":[{"href":"https:\/\/www.radiomarket.fi\/en\/wp-json\/wp\/v2\/types\/product"}],"wp:featuredmedia":[{"embeddable":true,"href":"https:\/\/www.radiomarket.fi\/en\/wp-json\/wp\/v2\/media\/17169"}],"wp:attachment":[{"href":"https:\/\/www.radiomarket.fi\/en\/wp-json\/wp\/v2\/media?parent=20064"}],"curies":[{"name":"wp","href":"https:\/\/api.w.org\/{rel}","templated":true}]}}