{"id":20122,"date":"2024-02-21T11:11:06","date_gmt":"2024-02-21T09:11:06","guid":{"rendered":"https:\/\/www.radiomarket.fi\/tuote\/putki-e88cc\/"},"modified":"2025-01-21T13:37:50","modified_gmt":"2025-01-21T11:37:50","slug":"e88cc-putki","status":"publish","type":"product","link":"https:\/\/www.radiomarket.fi\/en\/kohde\/e88cc-putki\/","title":{"rendered":"E88CC Putki (EKUS)"},"content":{"rendered":"<p>Manufacturer can vary, both new and used. Tested working, price varies by condition. Different discounts available for SRHS members, please indicate your membership when ordering.<br \/><br \/><strong>Saatavuus 20240221<\/strong><br \/><br \/>2 kpl hyv\u00e4ksi testattua<br \/>4 kpl 100% testattua<br \/>1 kpl rajalla<br \/><br \/>Saatavuus voi olla muuttunut annetun p\u00e4iv\u00e4m\u00e4\u00e4r\u00e4n j\u00e4lkeen, putkia myyd\u00e4\u00e4n kivijalkaliikkeest\u00e4 jatkuvasti ja testattuja putkia lis\u00e4t\u00e4\u00e4n hyllyyn.<br \/><br \/>Putkihinnoittelun perusteet ja hinnanmuodostus listahinnasta k\u00e4ytettyjen putkien tullessa kyseeseen l\u00f6ytyy sivuiltamme: https:\/\/radiomuseo.wordpress.com\/varaosa-ja-dokumenttipalvelu\/<\/p>","protected":false},"excerpt":{"rendered":"<p>Valmistaja voi vaihdella, sek\u00e4 uusia ett\u00e4 k\u00e4ytettyj\u00e4. Toimivaksi testattu, hinta vaihtelee kunnon mukaan. SRHS:n j\u00e4senille saatavilla erisuuruisia alennuksia, ilmoita j\u00e4senyydest\u00e4si tilauksen yhteydess\u00e4.Saatavuus 202402212 kpl hyv\u00e4ksi testattua4 kpl 100% testattua1 kpl rajallaSaatavuus voi olla muuttunut annetun p\u00e4iv\u00e4m\u00e4\u00e4r\u00e4n j\u00e4lkeen, putkia myyd\u00e4\u00e4n kivijalkaliikkeest\u00e4 jatkuvasti ja testattuja putkia lis\u00e4t\u00e4\u00e4n hyllyyn.Putkihinnoittelun perusteet ja hinnanmuodostus listahinnasta k\u00e4ytettyjen putkien tullessa kyseeseen l\u00f6ytyy &hellip;<\/p>\n<p class=\"read-more\"> <a class=\"thunk-readmore button\" href=\"https:\/\/www.radiomarket.fi\/en\/kohde\/e88cc-putki\/\"> <span class=\"screen-reader-text\">E88CC Putki (EKUS)<\/span>Read More<\/a><\/p>","protected":false},"featured_media":37442,"template":"","meta":[],"_links":{"self":[{"href":"https:\/\/www.radiomarket.fi\/en\/wp-json\/wp\/v2\/product\/20122"}],"collection":[{"href":"https:\/\/www.radiomarket.fi\/en\/wp-json\/wp\/v2\/product"}],"about":[{"href":"https:\/\/www.radiomarket.fi\/en\/wp-json\/wp\/v2\/types\/product"}],"wp:featuredmedia":[{"embeddable":true,"href":"https:\/\/www.radiomarket.fi\/en\/wp-json\/wp\/v2\/media\/37442"}],"wp:attachment":[{"href":"https:\/\/www.radiomarket.fi\/en\/wp-json\/wp\/v2\/media?parent=20122"}],"curies":[{"name":"wp","href":"https:\/\/api.w.org\/{rel}","templated":true}]}}