{"id":20148,"date":"2025-11-21T11:11:16","date_gmt":"2025-11-21T09:11:16","guid":{"rendered":"https:\/\/www.radiomarket.fi\/tuote\/putki-e188cc\/"},"modified":"2025-11-21T12:52:08","modified_gmt":"2025-11-21T10:52:08","slug":"e188cc-putki","status":"publish","type":"product","link":"https:\/\/www.radiomarket.fi\/en\/kohde\/e188cc-putki\/","title":{"rendered":"E188CC radioputki (EKUS)"},"content":{"rendered":"<p>Manufacturer can vary, both new and used. Tested working, price varies by condition. Different discounts available for SRHS members, please indicate your membership when ordering.<br \/><br \/><strong>Saatavuus (p\u00e4ivitetty 20230915 ja 20251121)<\/strong><br \/><br \/>2kpl E188CC Philips Miniwatt SQ ei testattu k\u00e4ytetty<br \/>2kpl E188CC Philips SQ ei testattu k\u00e4ytetty<br \/>2kpl E188CC Philips Miniwatt SQ ei testattu, rasiassaan mutta luultavasti silti k\u00e4ytetty<br \/>1kpl E188CC Philips Miniwatt SQ testattu OK<br \/>2kpl E188CC Philips SQ testattu hyv\u00e4<br \/>1kpl E188CC Philips Miniwatt SQ alkuper\u00e4isess\u00e4 rasiassaan, uudenoloinen <strong>MYYTY<\/strong><br \/>1kpl E188CC Philips Miniwatt SQ testattu hyv\u00e4<br \/>1kpl E188CC Telefunken testattu OK <strong>MYYTY<\/strong><br \/>1kpl E188CC Telefunken testattu hyv\u00e4<br \/>1kpl E188CC Philips Miniwatt SQ testattu 100% <strong>MYYTY<\/strong><br \/>2kpl E188CC Philips Miniwatt SQ testattu 80%<br \/>2kpl E188CC Siemens ei testattu k\u00e4ytetty<br \/>1kpl E188CC Miniwatt SQ testattu 100% <strong>MYYTY<\/strong><br \/><br \/>Saatavuus voi olla muuttunut annetun p\u00e4iv\u00e4m\u00e4\u00e4r\u00e4n j\u00e4lkeen, putkia myyd\u00e4\u00e4n kivijalkaliikkeest\u00e4 jatkuvasti ja testattuja putkia lis\u00e4t\u00e4\u00e4n hyllyyn.<br \/><br \/>Putkihinnoittelun perusteet ja hinnanmuodostus listahinnasta k\u00e4ytettyjen putkien tullessa kyseeseen l\u00f6ytyy sivuiltamme: https:\/\/radiomuseo.wordpress.com\/varaosa-ja-dokumenttipalvelu\/<\/p>","protected":false},"excerpt":{"rendered":"<p>Valmistaja voi vaihdella, sek\u00e4 uusia ett\u00e4 k\u00e4ytettyj\u00e4. Toimivaksi testattu, hinta vaihtelee kunnon mukaan. SRHS:n j\u00e4senille saatavilla erisuuruisia alennuksia, ilmoita j\u00e4senyydest\u00e4si tilauksen yhteydess\u00e4.Saatavuus (p\u00e4ivitetty 20230915 ja 20251121)2kpl E188CC Philips Miniwatt SQ ei testattu k\u00e4ytetty2kpl E188CC Philips SQ ei testattu k\u00e4ytetty2kpl E188CC Philips Miniwatt SQ ei testattu, rasiassaan mutta luultavasti silti k\u00e4ytetty1kpl E188CC Philips Miniwatt SQ testattu &hellip;<\/p>\n<p class=\"read-more\"> <a class=\"thunk-readmore button\" href=\"https:\/\/www.radiomarket.fi\/en\/kohde\/e188cc-putki\/\"> <span class=\"screen-reader-text\">E188CC radioputki (EKUS)<\/span>Read More<\/a><\/p>","protected":false},"featured_media":17169,"template":"","meta":[],"_links":{"self":[{"href":"https:\/\/www.radiomarket.fi\/en\/wp-json\/wp\/v2\/product\/20148"}],"collection":[{"href":"https:\/\/www.radiomarket.fi\/en\/wp-json\/wp\/v2\/product"}],"about":[{"href":"https:\/\/www.radiomarket.fi\/en\/wp-json\/wp\/v2\/types\/product"}],"wp:featuredmedia":[{"embeddable":true,"href":"https:\/\/www.radiomarket.fi\/en\/wp-json\/wp\/v2\/media\/17169"}],"wp:attachment":[{"href":"https:\/\/www.radiomarket.fi\/en\/wp-json\/wp\/v2\/media?parent=20148"}],"curies":[{"name":"wp","href":"https:\/\/api.w.org\/{rel}","templated":true}]}}