{"id":20428,"date":"2025-08-19T11:12:53","date_gmt":"2025-08-19T08:12:53","guid":{"rendered":"https:\/\/www.radiomarket.fi\/tuote\/putki-6l6a\/"},"modified":"2025-08-19T15:10:15","modified_gmt":"2025-08-19T12:10:15","slug":"6l6a-putki","status":"publish","type":"product","link":"https:\/\/www.radiomarket.fi\/en\/kohde\/6l6a-putki\/","title":{"rendered":"6L6 Putki (EKUS)"},"content":{"rendered":"<p>Manufacturer can vary, both new and used. Tested working, price varies by condition. Different discounts available for SRHS members, please indicate your membership when ordering.<br \/><br \/><strong>Saatavuus (p\u00e4ivitetty 20250819)<\/strong><br \/><br \/>6L6EG 100% x 2 <strong>MYYTY<\/strong><br \/>6L6G Tungsram oletettavasti uusi, orig paketissa<br \/>6L6G Brimar ei test, k\u00e4ytetty ei pakettia<br \/>6L6G Purotron hyv\u00e4 <strong>MYYTY<\/strong><br \/>6L6 RCA metalli 100%<br \/>6L6G Fivre hyv\u00e4 <strong>MYYTY<\/strong><br \/>6L6 Sylvania metalli ei testattu<br \/>6L6 RCA metalli ei testattu<br \/>6L6GC Haltron raja<br \/>6L6GC GE hyv\u00e4<br \/>6L6 Miniwatt metalli oletettavasti uusi, orig paketissa<br \/>6L6 Miniwatt metalli, oletettavasti uusi, originaalipaketissa joka k\u00e4rsinyt<br \/>6L6GA Brimar pakkauksessaan<br \/><br \/>Saatavuus voi olla muuttunut annetun p\u00e4iv\u00e4m\u00e4\u00e4r\u00e4n j\u00e4lkeen, putkia myyd\u00e4\u00e4n kivijalkaliikkeest\u00e4 jatkuvasti ja testattuja putkia lis\u00e4t\u00e4\u00e4n hyllyyn.<br \/><br \/>Putkihinnoittelun perusteet ja hinnanmuodostus listahinnasta k\u00e4ytettyjen putkien tullessa kyseeseen l\u00f6ytyy sivuiltamme: https:\/\/radiomuseo.wordpress.com\/varaosa-ja-dokumenttipalvelu\/<\/p>","protected":false},"excerpt":{"rendered":"<p>Valmistaja voi vaihdella, sek\u00e4 uusia ett\u00e4 k\u00e4ytettyj\u00e4. Toimivaksi testattu, hinta vaihtelee kunnon mukaan. SRHS:n j\u00e4senille saatavilla erisuuruisia alennuksia, ilmoita j\u00e4senyydest\u00e4si tilauksen yhteydess\u00e4.Saatavuus (p\u00e4ivitetty 20250819)6L6EG 100% x 2 MYYTY6L6G Tungsram oletettavasti uusi, orig paketissa6L6G Brimar ei test, k\u00e4ytetty ei pakettia6L6G Purotron hyv\u00e4 MYYTY6L6 RCA metalli 100%6L6G Fivre hyv\u00e4 MYYTY6L6 Sylvania metalli ei testattu6L6 RCA metalli ei &hellip;<\/p>\n<p class=\"read-more\"> <a class=\"thunk-readmore button\" href=\"https:\/\/www.radiomarket.fi\/en\/kohde\/6l6a-putki\/\"> <span class=\"screen-reader-text\">6L6 Putki (EKUS)<\/span>Read More<\/a><\/p>","protected":false},"featured_media":17169,"template":"","meta":[],"_links":{"self":[{"href":"https:\/\/www.radiomarket.fi\/en\/wp-json\/wp\/v2\/product\/20428"}],"collection":[{"href":"https:\/\/www.radiomarket.fi\/en\/wp-json\/wp\/v2\/product"}],"about":[{"href":"https:\/\/www.radiomarket.fi\/en\/wp-json\/wp\/v2\/types\/product"}],"wp:featuredmedia":[{"embeddable":true,"href":"https:\/\/www.radiomarket.fi\/en\/wp-json\/wp\/v2\/media\/17169"}],"wp:attachment":[{"href":"https:\/\/www.radiomarket.fi\/en\/wp-json\/wp\/v2\/media?parent=20428"}],"curies":[{"name":"wp","href":"https:\/\/api.w.org\/{rel}","templated":true}]}}