{"id":20559,"date":"2024-05-30T10:25:39","date_gmt":"2024-05-30T07:25:39","guid":{"rendered":"https:\/\/www.radiomarket.fi\/tuote\/putki-6ab4\/"},"modified":"2024-09-02T09:01:35","modified_gmt":"2024-09-02T06:01:35","slug":"6ab4-putki","status":"publish","type":"product","link":"https:\/\/www.radiomarket.fi\/en\/kohde\/6ab4-putki\/","title":{"rendered":"Radioputki 6AB4 (vastaava kuin EC92) (EKUS)"},"content":{"rendered":"<p>Manufacturer can vary, both new and used. Tested working, price varies by condition. Different discounts available for SRHS members, please indicate your membership when ordering.<br \/><br \/><strong>Saatavuus 20240530:<\/strong><br \/><br \/>1 kpl 100% testattua (verkkokaupan saldossa).<br \/>Lis\u00e4ksi saatavilla hyv\u00e4ksi testattua putkea.<\/p>","protected":false},"excerpt":{"rendered":"<p>Valmistaja voi vaihdella, sek\u00e4 uusia ett\u00e4 k\u00e4ytettyj\u00e4. Toimivaksi testattu, hinta vaihtelee kunnon mukaan. SRHS:n j\u00e4senille saatavilla erisuuruisia alennuksia, ilmoita j\u00e4senyydest\u00e4si tilauksen yhteydess\u00e4.Saatavuus 20240530:1 kpl 100% testattua (verkkokaupan saldossa).Lis\u00e4ksi saatavilla hyv\u00e4ksi testattua putkea.<\/p>","protected":false},"featured_media":17169,"template":"","meta":[],"_links":{"self":[{"href":"https:\/\/www.radiomarket.fi\/en\/wp-json\/wp\/v2\/product\/20559"}],"collection":[{"href":"https:\/\/www.radiomarket.fi\/en\/wp-json\/wp\/v2\/product"}],"about":[{"href":"https:\/\/www.radiomarket.fi\/en\/wp-json\/wp\/v2\/types\/product"}],"wp:featuredmedia":[{"embeddable":true,"href":"https:\/\/www.radiomarket.fi\/en\/wp-json\/wp\/v2\/media\/17169"}],"wp:attachment":[{"href":"https:\/\/www.radiomarket.fi\/en\/wp-json\/wp\/v2\/media?parent=20559"}],"curies":[{"name":"wp","href":"https:\/\/api.w.org\/{rel}","templated":true}]}}