{"id":20582,"date":"2020-10-05T11:13:47","date_gmt":"2020-10-05T08:13:47","guid":{"rendered":"https:\/\/www.radiomarket.fi\/tuote\/putki-6080\/"},"modified":"2026-02-04T12:23:23","modified_gmt":"2026-02-04T10:23:23","slug":"6080-putki","status":"publish","type":"product","link":"https:\/\/www.radiomarket.fi\/en\/kohde\/6080-putki\/","title":{"rendered":"6080 Putki"},"content":{"rendered":"<p>Manufacturer can vary, both new and used. Tested working, price varies by condition. Different discounts available for SRHS members, please indicate your membership when ordering.<br \/><br \/>Korvaavia putkityyppej\u00e4 voivat olla esimerkiksi: 6AS7G, 11D12, CV2984, CV5008, ECC230.<\/p>","protected":false},"excerpt":{"rendered":"<p>Valmistaja voi vaihdella, sek\u00e4 uusia ett\u00e4 k\u00e4ytettyj\u00e4. Toimivaksi testattu, hinta vaihtelee kunnon mukaan. SRHS:n j\u00e4senille saatavilla erisuuruisia alennuksia, ilmoita j\u00e4senyydest\u00e4si tilauksen yhteydess\u00e4.Korvaavia putkityyppej\u00e4 voivat olla esimerkiksi: 6AS7G, 11D12, CV2984, CV5008, ECC230.<\/p>","protected":false},"featured_media":17169,"template":"","meta":[],"_links":{"self":[{"href":"https:\/\/www.radiomarket.fi\/en\/wp-json\/wp\/v2\/product\/20582"}],"collection":[{"href":"https:\/\/www.radiomarket.fi\/en\/wp-json\/wp\/v2\/product"}],"about":[{"href":"https:\/\/www.radiomarket.fi\/en\/wp-json\/wp\/v2\/types\/product"}],"wp:featuredmedia":[{"embeddable":true,"href":"https:\/\/www.radiomarket.fi\/en\/wp-json\/wp\/v2\/media\/17169"}],"wp:attachment":[{"href":"https:\/\/www.radiomarket.fi\/en\/wp-json\/wp\/v2\/media?parent=20582"}],"curies":[{"name":"wp","href":"https:\/\/api.w.org\/{rel}","templated":true}]}}