{"id":20595,"date":"2020-10-05T11:13:51","date_gmt":"2020-10-05T08:13:51","guid":{"rendered":"https:\/\/www.radiomarket.fi\/tuote\/putki-5y3g\/"},"modified":"2023-02-16T11:15:10","modified_gmt":"2023-02-16T09:15:10","slug":"5y3g-putki","status":"publish","type":"product","link":"https:\/\/www.radiomarket.fi\/en\/kohde\/5y3g-putki\/","title":{"rendered":"5Y3G elektroniputki (EKUS)"},"content":{"rendered":"<p>Manufacturer can vary, both new and used. Tested working, price varies by condition. Different discounts available for SRHS members, please indicate your membership when ordering.<br \/><br \/><strong>Saatavuus (p\u00e4ivitetty 20230216)<\/strong><br \/><br \/>5Y3G Purotron heikko 50%<br \/>U50 Gecovalve raja<br \/>5W3GR ORA hyv\u00e4<br \/>5Y3G Purotron ei testattu<br \/>5Y3(G?) Zenith, lasiosan puolesta vaikuttaa G-tyypilt\u00e4 50%<br \/>5Y3G Sylvania raja\/heikko<br \/><br \/>Saatavuus voi olla muuttunut annetun p\u00e4iv\u00e4m\u00e4\u00e4r\u00e4n j\u00e4lkeen, putkia myyd\u00e4\u00e4n kivijalkaliikkeest\u00e4 jatkuvasti ja testattuja putkia lis\u00e4t\u00e4\u00e4n hyllyyn.<br \/><br \/>Putkihinnoittelun perusteet ja hinnanmuodostus listahinnasta k\u00e4ytettyjen putkien tullessa kyseeseen l\u00f6ytyy sivuiltamme: https:\/\/radiomuseo.wordpress.com\/varaosa-ja-dokumenttipalvelu\/<\/p>","protected":false},"excerpt":{"rendered":"<p>Valmistaja voi vaihdella, sek\u00e4 uusia ett\u00e4 k\u00e4ytettyj\u00e4. Toimivaksi testattu, hinta vaihtelee kunnon mukaan. SRHS:n j\u00e4senille saatavilla erisuuruisia alennuksia, ilmoita j\u00e4senyydest\u00e4si tilauksen yhteydess\u00e4.Saatavuus (p\u00e4ivitetty 20230216)5Y3G Purotron heikko 50%U50 Gecovalve raja5W3GR ORA hyv\u00e45Y3G Purotron ei testattu5Y3(G?) Zenith, lasiosan puolesta vaikuttaa G-tyypilt\u00e4 50%5Y3G Sylvania raja\/heikkoSaatavuus voi olla muuttunut annetun p\u00e4iv\u00e4m\u00e4\u00e4r\u00e4n j\u00e4lkeen, putkia myyd\u00e4\u00e4n kivijalkaliikkeest\u00e4 jatkuvasti ja testattuja putkia &hellip;<\/p>\n<p class=\"read-more\"> <a class=\"thunk-readmore button\" href=\"https:\/\/www.radiomarket.fi\/en\/kohde\/5y3g-putki\/\"> <span class=\"screen-reader-text\">5Y3G elektroniputki (EKUS)<\/span>Read More<\/a><\/p>","protected":false},"featured_media":17169,"template":"","meta":[],"_links":{"self":[{"href":"https:\/\/www.radiomarket.fi\/en\/wp-json\/wp\/v2\/product\/20595"}],"collection":[{"href":"https:\/\/www.radiomarket.fi\/en\/wp-json\/wp\/v2\/product"}],"about":[{"href":"https:\/\/www.radiomarket.fi\/en\/wp-json\/wp\/v2\/types\/product"}],"wp:featuredmedia":[{"embeddable":true,"href":"https:\/\/www.radiomarket.fi\/en\/wp-json\/wp\/v2\/media\/17169"}],"wp:attachment":[{"href":"https:\/\/www.radiomarket.fi\/en\/wp-json\/wp\/v2\/media?parent=20595"}],"curies":[{"name":"wp","href":"https:\/\/api.w.org\/{rel}","templated":true}]}}