{"id":20868,"date":"2020-10-05T11:15:31","date_gmt":"2020-10-05T08:15:31","guid":{"rendered":"https:\/\/www.radiomarket.fi\/tuote\/ekua9932-philips-iso-matti-471-a\/"},"modified":"2020-10-05T11:15:31","modified_gmt":"2020-10-05T08:15:31","slug":"ekua9932-philips-iso-matti-471-a","status":"publish","type":"product","link":"https:\/\/www.radiomarket.fi\/en\/kohde\/ekua9932-philips-iso-matti-471-a\/","title":{"rendered":"EKUA9932 Philips Iso-Matti 471 A"},"content":{"rendered":"Tummanruskea puukuori. Parhaita s\u00e4ilyneit\u00e4 koteloltaan. Ei asteikkolasia. Verkkojohto ja liitin mukana.Hyv\u00e4 kangas.","protected":false},"excerpt":{"rendered":"<p>Tummanruskea puukuori. Parhaita s\u00e4ilyneit\u00e4 koteloltaan. Ei asteikkolasia. Verkkojohto ja liitin mukana.Hyv\u00e4 kangas.<\/p>","protected":false},"featured_media":11985,"template":"","meta":[],"_links":{"self":[{"href":"https:\/\/www.radiomarket.fi\/en\/wp-json\/wp\/v2\/product\/20868"}],"collection":[{"href":"https:\/\/www.radiomarket.fi\/en\/wp-json\/wp\/v2\/product"}],"about":[{"href":"https:\/\/www.radiomarket.fi\/en\/wp-json\/wp\/v2\/types\/product"}],"wp:featuredmedia":[{"embeddable":true,"href":"https:\/\/www.radiomarket.fi\/en\/wp-json\/wp\/v2\/media\/11985"}],"wp:attachment":[{"href":"https:\/\/www.radiomarket.fi\/en\/wp-json\/wp\/v2\/media?parent=20868"}],"curies":[{"name":"wp","href":"https:\/\/api.w.org\/{rel}","templated":true}]}}